{"id":2870,"date":"2022-11-29T17:20:47","date_gmt":"2022-11-29T14:20:47","guid":{"rendered":"https:\/\/sportforsdg.com\/association-intercultura\/"},"modified":"2022-11-29T17:20:47","modified_gmt":"2022-11-29T14:20:47","slug":"association-intercultura","status":"publish","type":"page","link":"https:\/\/sportforsdg.com\/fr\/association-intercultura\/","title":{"rendered":"Association INTERCULTURA"},"content":{"rendered":"\t\t<div data-elementor-type=\"wp-page\" data-elementor-id=\"2870\" class=\"elementor elementor-2870 elementor-1850\">\n\t\t\t\t\t\t<section class=\"elementor-section elementor-top-section elementor-element elementor-element-76244837 elementor-section-boxed elementor-section-height-default elementor-section-height-default\" data-id=\"76244837\" data-element_type=\"section\" data-e-type=\"section\">\n\t\t\t\t\t\t<div class=\"elementor-container elementor-column-gap-default\">\n\t\t\t\t\t<div class=\"elementor-column elementor-col-100 elementor-top-column elementor-element elementor-element-682e6bc5\" data-id=\"682e6bc5\" data-element_type=\"column\" data-e-type=\"column\">\n\t\t\t<div class=\"elementor-widget-wrap elementor-element-populated\">\n\t\t\t\t\t\t<div class=\"elementor-element elementor-element-6f78901d elementor-widget elementor-widget-text-editor\" data-id=\"6f78901d\" data-element_type=\"widget\" data-e-type=\"widget\" data-widget_type=\"text-editor.default\">\n\t\t\t\t<div class=\"elementor-widget-container\">\n\t\t\t\t\t\t\t\t\t<p style=\"font-weight: 400;\"><img decoding=\"async\" class=\" wp-image-1901 alignleft\" src=\"https:\/\/sportforsdg.com\/wp-content\/uploads\/2022\/04\/Calisma-Yuzeyi-3-300x300.png\" alt=\"\" width=\"133\" height=\"133\" srcset=\"https:\/\/sportforsdg.com\/wp-content\/uploads\/2022\/04\/Calisma-Yuzeyi-3-300x300.png 300w, https:\/\/sportforsdg.com\/wp-content\/uploads\/2022\/04\/Calisma-Yuzeyi-3-1024x1024.png 1024w, https:\/\/sportforsdg.com\/wp-content\/uploads\/2022\/04\/Calisma-Yuzeyi-3-150x150.png 150w, https:\/\/sportforsdg.com\/wp-content\/uploads\/2022\/04\/Calisma-Yuzeyi-3-768x768.png 768w, https:\/\/sportforsdg.com\/wp-content\/uploads\/2022\/04\/Calisma-Yuzeyi-3.png 1081w\" sizes=\"(max-width: 133px) 100vw, 133px\" \/><\/p>\r\n<span style=\"font-weight: 400;\">L&rsquo;association Intercultura a pour but de promouvoir le dialogue interculturel et l&rsquo;\u00e9ducation aux droits humains dans une d\u00e9marche d&rsquo;\u00e9ducation populaire et de solidarit\u00e9 internationale. C&rsquo;est pourquoi Intercultura s&rsquo;implique dans divers domaines, tels que : la participation active des jeunes, l&rsquo;apprentissage et l&rsquo;\u00e9ducation interculturelle, l&rsquo;\u00e9ducation \u00e0 la citoyennet\u00e9 et aux droits de l&rsquo;homme.<\/span>\r\n\r\n<span style=\"font-weight: 400;\">Intercultura organise : des formations, des rencontres, des s\u00e9minaires, l&rsquo;accompagnement de projets d&rsquo;acteurs locaux (associations, jeunes, communes\u2026) en utilisant des modes d&rsquo;intervention bas\u00e9s sur la coop\u00e9ration, la participation, le partage d&rsquo;exp\u00e9riences et stimulant l&rsquo;\u00e9mergence d&rsquo;id\u00e9es, la r\u00e9flexion, la discussion, la cr\u00e9ativit\u00e9 et l&rsquo;envie de acte des collectivit\u00e9s locales. Depuis sa cr\u00e9ation en 2000, l&rsquo;association Intercultura a organis\u00e9 de nombreux projets en lien avec nos objectifs de promotion de l&rsquo;apprentissage interculturel et de l&rsquo;\u00e9ducation aux droits de l&rsquo;homme dans des objectifs d&rsquo;\u00e9ducation populaire et de solidarit\u00e9 internationale.<\/span>\t\t\t\t\t\t\t\t<\/div>\n\t\t\t\t<\/div>\n\t\t\t\t\t<\/div>\n\t\t<\/div>\n\t\t\t\t\t<\/div>\n\t\t<\/section>\n\t\t\t\t<\/div>\n\t\t","protected":false},"excerpt":{"rendered":"<p>L&rsquo;association Intercultura a pour but de promouvoir le dialogue interculturel et l&rsquo;\u00e9ducation aux droits humains dans une d\u00e9marche d&rsquo;\u00e9ducation populaire et de solidarit\u00e9 internationale. C&rsquo;est pourquoi Intercultura s&rsquo;implique dans divers domaines, tels que : la participation active des jeunes, l&rsquo;apprentissage et l&rsquo;\u00e9ducation interculturelle, l&rsquo;\u00e9ducation \u00e0 la citoyennet\u00e9 et aux droits de l&rsquo;homme. Intercultura organise : [&hellip;]<\/p>\n","protected":false},"author":1,"featured_media":0,"parent":0,"menu_order":0,"comment_status":"closed","ping_status":"closed","template":"","meta":{"om_disable_all_campaigns":false,"_uag_custom_page_level_css":"","_monsterinsights_skip_tracking":false,"_monsterinsights_sitenote_active":false,"_monsterinsights_sitenote_note":"","_monsterinsights_sitenote_category":0,"site-sidebar-layout":"default","site-content-layout":"","ast-site-content-layout":"default","site-content-style":"default","site-sidebar-style":"default","ast-global-header-display":"","ast-banner-title-visibility":"","ast-main-header-display":"","ast-hfb-above-header-display":"","ast-hfb-below-header-display":"","ast-hfb-mobile-header-display":"","site-post-title":"","ast-breadcrumbs-content":"","ast-featured-img":"","footer-sml-layout":"","ast-disable-related-posts":"","theme-transparent-header-meta":"","adv-header-id-meta":"","stick-header-meta":"","header-above-stick-meta":"","header-main-stick-meta":"","header-below-stick-meta":"","astra-migrate-meta-layouts":"default","ast-page-background-enabled":"default","ast-page-background-meta":{"desktop":{"background-color":"","background-image":"","background-repeat":"repeat","background-position":"center center","background-size":"auto","background-attachment":"scroll","background-type":"","background-media":"","overlay-type":"","overlay-color":"","overlay-opacity":"","overlay-gradient":""},"tablet":{"background-color":"","background-image":"","background-repeat":"repeat","background-position":"center center","background-size":"auto","background-attachment":"scroll","background-type":"","background-media":"","overlay-type":"","overlay-color":"","overlay-opacity":"","overlay-gradient":""},"mobile":{"background-color":"","background-image":"","background-repeat":"repeat","background-position":"center center","background-size":"auto","background-attachment":"scroll","background-type":"","background-media":"","overlay-type":"","overlay-color":"","overlay-opacity":"","overlay-gradient":""}},"ast-content-background-meta":{"desktop":{"background-color":"var(--ast-global-color-5)","background-image":"","background-repeat":"repeat","background-position":"center center","background-size":"auto","background-attachment":"scroll","background-type":"","background-media":"","overlay-type":"","overlay-color":"","overlay-opacity":"","overlay-gradient":""},"tablet":{"background-color":"var(--ast-global-color-5)","background-image":"","background-repeat":"repeat","background-position":"center center","background-size":"auto","background-attachment":"scroll","background-type":"","background-media":"","overlay-type":"","overlay-color":"","overlay-opacity":"","overlay-gradient":""},"mobile":{"background-color":"var(--ast-global-color-5)","background-image":"","background-repeat":"repeat","background-position":"center center","background-size":"auto","background-attachment":"scroll","background-type":"","background-media":"","overlay-type":"","overlay-color":"","overlay-opacity":"","overlay-gradient":""}},"footnotes":""},"class_list":["post-2870","page","type-page","status-publish","hentry"],"aioseo_notices":[],"uagb_featured_image_src":{"full":false,"thumbnail":false,"medium":false,"medium_large":false,"large":false,"1536x1536":false,"2048x2048":false},"uagb_author_info":{"display_name":"emre@demturkey.com","author_link":"https:\/\/sportforsdg.com\/fr\/author\/emredemturkey-com\/"},"uagb_comment_info":0,"uagb_excerpt":"L&rsquo;association Intercultura a pour but de promouvoir le dialogue interculturel et l&rsquo;\u00e9ducation aux droits humains dans une d\u00e9marche d&rsquo;\u00e9ducation populaire et de solidarit\u00e9 internationale. C&rsquo;est pourquoi Intercultura s&rsquo;implique dans divers domaines, tels que : la participation active des jeunes, l&rsquo;apprentissage et l&rsquo;\u00e9ducation interculturelle, l&rsquo;\u00e9ducation \u00e0 la citoyennet\u00e9 et aux droits de l&rsquo;homme. Intercultura organise :\u2026","_links":{"self":[{"href":"https:\/\/sportforsdg.com\/fr\/wp-json\/wp\/v2\/pages\/2870","targetHints":{"allow":["GET"]}}],"collection":[{"href":"https:\/\/sportforsdg.com\/fr\/wp-json\/wp\/v2\/pages"}],"about":[{"href":"https:\/\/sportforsdg.com\/fr\/wp-json\/wp\/v2\/types\/page"}],"author":[{"embeddable":true,"href":"https:\/\/sportforsdg.com\/fr\/wp-json\/wp\/v2\/users\/1"}],"replies":[{"embeddable":true,"href":"https:\/\/sportforsdg.com\/fr\/wp-json\/wp\/v2\/comments?post=2870"}],"version-history":[{"count":1,"href":"https:\/\/sportforsdg.com\/fr\/wp-json\/wp\/v2\/pages\/2870\/revisions"}],"predecessor-version":[{"id":2871,"href":"https:\/\/sportforsdg.com\/fr\/wp-json\/wp\/v2\/pages\/2870\/revisions\/2871"}],"wp:attachment":[{"href":"https:\/\/sportforsdg.com\/fr\/wp-json\/wp\/v2\/media?parent=2870"}],"curies":[{"name":"wp","href":"https:\/\/api.w.org\/{rel}","templated":true}]}}