{"id":2872,"date":"2022-11-29T17:21:42","date_gmt":"2022-11-29T14:21:42","guid":{"rendered":"https:\/\/sportforsdg.com\/association-of-citizens-cefe-macedonia-skopje-cefe-macedonia\/"},"modified":"2022-11-29T17:21:42","modified_gmt":"2022-11-29T14:21:42","slug":"association-of-citizens-cefe-macedonia-skopje-cefe-macedonia","status":"publish","type":"page","link":"https:\/\/sportforsdg.com\/fr\/association-of-citizens-cefe-macedonia-skopje-cefe-macedonia\/","title":{"rendered":"Association of citizens CEFE Macedonia Skopje \u2013 CEFE Macedonia\u00a0"},"content":{"rendered":"\t\t<div data-elementor-type=\"wp-page\" data-elementor-id=\"2872\" class=\"elementor elementor-2872 elementor-1852\">\n\t\t\t\t\t\t<section class=\"elementor-section elementor-top-section elementor-element elementor-element-7b043323 elementor-section-boxed elementor-section-height-default elementor-section-height-default\" data-id=\"7b043323\" data-element_type=\"section\" data-e-type=\"section\">\n\t\t\t\t\t\t<div class=\"elementor-container elementor-column-gap-default\">\n\t\t\t\t\t<div class=\"elementor-column elementor-col-100 elementor-top-column elementor-element elementor-element-2a0cef5e\" data-id=\"2a0cef5e\" data-element_type=\"column\" data-e-type=\"column\">\n\t\t\t<div class=\"elementor-widget-wrap elementor-element-populated\">\n\t\t\t\t\t\t<div class=\"elementor-element elementor-element-7d086d7c elementor-widget elementor-widget-text-editor\" data-id=\"7d086d7c\" data-element_type=\"widget\" data-e-type=\"widget\" data-widget_type=\"text-editor.default\">\n\t\t\t\t<div class=\"elementor-widget-container\">\n\t\t\t\t\t\t\t\t\t\r\n<p style=\"font-weight: 400;\"><img decoding=\"async\" class=\" wp-image-1902 alignleft\" src=\"https:\/\/sportforsdg.com\/wp-content\/uploads\/2022\/04\/Calisma-Yuzeyi-4-300x300.png\" alt=\"\" width=\"133\" height=\"133\" srcset=\"https:\/\/sportforsdg.com\/wp-content\/uploads\/2022\/04\/Calisma-Yuzeyi-4-300x300.png 300w, https:\/\/sportforsdg.com\/wp-content\/uploads\/2022\/04\/Calisma-Yuzeyi-4-1024x1024.png 1024w, https:\/\/sportforsdg.com\/wp-content\/uploads\/2022\/04\/Calisma-Yuzeyi-4-150x150.png 150w, https:\/\/sportforsdg.com\/wp-content\/uploads\/2022\/04\/Calisma-Yuzeyi-4-768x768.png 768w, https:\/\/sportforsdg.com\/wp-content\/uploads\/2022\/04\/Calisma-Yuzeyi-4.png 1081w\" sizes=\"(max-width: 133px) 100vw, 133px\" \/><span style=\"font-weight: 400;\">L&rsquo;organisation a \u00e9t\u00e9 initialement form\u00e9e par des formateurs du CEFE<\/span><span style=\"font-weight: 400;\"> qui se sont rencontr\u00e9s et ont particip\u00e9 \u00e0 la formation des formateurs du CEFE en 1997 en Mac\u00e9doine. La principale motivation de la formation de cette association de citoyens \u00e9tait\/est de promouvoir l&rsquo;\u00e9tat d&rsquo;esprit et l&rsquo;esprit d&rsquo;entreprise. Le CEFE Mac\u00e9doine a \u00e9t\u00e9 officiellement cr\u00e9\u00e9 en 2008 \u00e0 Skopje, en Mac\u00e9doine, en tant qu&rsquo;organisation \u00e0 but non lucratif et non partisane. Notre mission est d&rsquo;accro\u00eetre les comp\u00e9tences commerciales des acteurs \u00e9conomiques de la soci\u00e9t\u00e9. Notre vision est d&rsquo;augmenter la culture entrepreneuriale et d&rsquo;augmenter l&#8217;emploi.<\/span><\/p>\r\n\t\t\t\t\t\t\t\t<\/div>\n\t\t\t\t<\/div>\n\t\t\t\t\t<\/div>\n\t\t<\/div>\n\t\t\t\t\t<\/div>\n\t\t<\/section>\n\t\t\t\t<\/div>\n\t\t","protected":false},"excerpt":{"rendered":"<p>L&rsquo;organisation a \u00e9t\u00e9 initialement form\u00e9e par des formateurs du CEFE qui se sont rencontr\u00e9s et ont particip\u00e9 \u00e0 la formation des formateurs du CEFE en 1997 en Mac\u00e9doine. La principale motivation de la formation de cette association de citoyens \u00e9tait\/est de promouvoir l&rsquo;\u00e9tat d&rsquo;esprit et l&rsquo;esprit d&rsquo;entreprise. Le CEFE Mac\u00e9doine a \u00e9t\u00e9 officiellement cr\u00e9\u00e9 en [&hellip;]<\/p>\n","protected":false},"author":1,"featured_media":0,"parent":0,"menu_order":0,"comment_status":"closed","ping_status":"closed","template":"","meta":{"om_disable_all_campaigns":false,"_uag_custom_page_level_css":"","_monsterinsights_skip_tracking":false,"_monsterinsights_sitenote_active":false,"_monsterinsights_sitenote_note":"","_monsterinsights_sitenote_category":0,"site-sidebar-layout":"default","site-content-layout":"","ast-site-content-layout":"default","site-content-style":"default","site-sidebar-style":"default","ast-global-header-display":"","ast-banner-title-visibility":"","ast-main-header-display":"","ast-hfb-above-header-display":"","ast-hfb-below-header-display":"","ast-hfb-mobile-header-display":"","site-post-title":"","ast-breadcrumbs-content":"","ast-featured-img":"","footer-sml-layout":"","ast-disable-related-posts":"","theme-transparent-header-meta":"","adv-header-id-meta":"","stick-header-meta":"","header-above-stick-meta":"","header-main-stick-meta":"","header-below-stick-meta":"","astra-migrate-meta-layouts":"default","ast-page-background-enabled":"default","ast-page-background-meta":{"desktop":{"background-color":"","background-image":"","background-repeat":"repeat","background-position":"center center","background-size":"auto","background-attachment":"scroll","background-type":"","background-media":"","overlay-type":"","overlay-color":"","overlay-opacity":"","overlay-gradient":""},"tablet":{"background-color":"","background-image":"","background-repeat":"repeat","background-position":"center center","background-size":"auto","background-attachment":"scroll","background-type":"","background-media":"","overlay-type":"","overlay-color":"","overlay-opacity":"","overlay-gradient":""},"mobile":{"background-color":"","background-image":"","background-repeat":"repeat","background-position":"center center","background-size":"auto","background-attachment":"scroll","background-type":"","background-media":"","overlay-type":"","overlay-color":"","overlay-opacity":"","overlay-gradient":""}},"ast-content-background-meta":{"desktop":{"background-color":"var(--ast-global-color-5)","background-image":"","background-repeat":"repeat","background-position":"center center","background-size":"auto","background-attachment":"scroll","background-type":"","background-media":"","overlay-type":"","overlay-color":"","overlay-opacity":"","overlay-gradient":""},"tablet":{"background-color":"var(--ast-global-color-5)","background-image":"","background-repeat":"repeat","background-position":"center center","background-size":"auto","background-attachment":"scroll","background-type":"","background-media":"","overlay-type":"","overlay-color":"","overlay-opacity":"","overlay-gradient":""},"mobile":{"background-color":"var(--ast-global-color-5)","background-image":"","background-repeat":"repeat","background-position":"center center","background-size":"auto","background-attachment":"scroll","background-type":"","background-media":"","overlay-type":"","overlay-color":"","overlay-opacity":"","overlay-gradient":""}},"footnotes":""},"class_list":["post-2872","page","type-page","status-publish","hentry"],"aioseo_notices":[],"uagb_featured_image_src":{"full":false,"thumbnail":false,"medium":false,"medium_large":false,"large":false,"1536x1536":false,"2048x2048":false},"uagb_author_info":{"display_name":"emre@demturkey.com","author_link":"https:\/\/sportforsdg.com\/fr\/author\/emredemturkey-com\/"},"uagb_comment_info":0,"uagb_excerpt":"L&rsquo;organisation a \u00e9t\u00e9 initialement form\u00e9e par des formateurs du CEFE qui se sont rencontr\u00e9s et ont particip\u00e9 \u00e0 la formation des formateurs du CEFE en 1997 en Mac\u00e9doine. La principale motivation de la formation de cette association de citoyens \u00e9tait\/est de promouvoir l&rsquo;\u00e9tat d&rsquo;esprit et l&rsquo;esprit d&rsquo;entreprise. Le CEFE Mac\u00e9doine a \u00e9t\u00e9 officiellement cr\u00e9\u00e9 en\u2026","_links":{"self":[{"href":"https:\/\/sportforsdg.com\/fr\/wp-json\/wp\/v2\/pages\/2872","targetHints":{"allow":["GET"]}}],"collection":[{"href":"https:\/\/sportforsdg.com\/fr\/wp-json\/wp\/v2\/pages"}],"about":[{"href":"https:\/\/sportforsdg.com\/fr\/wp-json\/wp\/v2\/types\/page"}],"author":[{"embeddable":true,"href":"https:\/\/sportforsdg.com\/fr\/wp-json\/wp\/v2\/users\/1"}],"replies":[{"embeddable":true,"href":"https:\/\/sportforsdg.com\/fr\/wp-json\/wp\/v2\/comments?post=2872"}],"version-history":[{"count":3,"href":"https:\/\/sportforsdg.com\/fr\/wp-json\/wp\/v2\/pages\/2872\/revisions"}],"predecessor-version":[{"id":2875,"href":"https:\/\/sportforsdg.com\/fr\/wp-json\/wp\/v2\/pages\/2872\/revisions\/2875"}],"wp:attachment":[{"href":"https:\/\/sportforsdg.com\/fr\/wp-json\/wp\/v2\/media?parent=2872"}],"curies":[{"name":"wp","href":"https:\/\/api.w.org\/{rel}","templated":true}]}}