{"id":2878,"date":"2022-11-29T17:26:54","date_gmt":"2022-11-29T14:26:54","guid":{"rendered":"https:\/\/sportforsdg.com\/istanbul-culture-and-sport-association-ikos\/"},"modified":"2022-11-29T17:26:55","modified_gmt":"2022-11-29T14:26:55","slug":"istanbul-culture-and-sport-association-ikos","status":"publish","type":"page","link":"https:\/\/sportforsdg.com\/fr\/istanbul-culture-and-sport-association-ikos\/","title":{"rendered":"Istanbul Culture and Sport Association \u2013 IKOS"},"content":{"rendered":"\t\t<div data-elementor-type=\"wp-page\" data-elementor-id=\"2878\" class=\"elementor elementor-2878 elementor-1846\">\n\t\t\t\t\t\t<section class=\"elementor-section elementor-top-section elementor-element elementor-element-63a18625 elementor-section-boxed elementor-section-height-default elementor-section-height-default\" data-id=\"63a18625\" data-element_type=\"section\" data-e-type=\"section\">\n\t\t\t\t\t\t<div class=\"elementor-container elementor-column-gap-default\">\n\t\t\t\t\t<div class=\"elementor-column elementor-col-100 elementor-top-column elementor-element elementor-element-403bdca2\" data-id=\"403bdca2\" data-element_type=\"column\" data-e-type=\"column\">\n\t\t\t<div class=\"elementor-widget-wrap elementor-element-populated\">\n\t\t\t\t\t\t<div class=\"elementor-element elementor-element-6c801204 elementor-widget elementor-widget-text-editor\" data-id=\"6c801204\" data-element_type=\"widget\" data-e-type=\"widget\" data-widget_type=\"text-editor.default\">\n\t\t\t\t<div class=\"elementor-widget-container\">\n\t\t\t\t\t\t\t\t\t\r\n<p style=\"font-weight: 400;\"><img decoding=\"async\" class=\" wp-image-1899 alignleft\" src=\"https:\/\/sportforsdg.com\/wp-content\/uploads\/2022\/04\/surdurulebilri-1-300x300.png\" alt=\"\" width=\"171\" height=\"171\" srcset=\"https:\/\/sportforsdg.com\/wp-content\/uploads\/2022\/04\/surdurulebilri-1-300x300.png 300w, https:\/\/sportforsdg.com\/wp-content\/uploads\/2022\/04\/surdurulebilri-1-1024x1024.png 1024w, https:\/\/sportforsdg.com\/wp-content\/uploads\/2022\/04\/surdurulebilri-1-150x150.png 150w, https:\/\/sportforsdg.com\/wp-content\/uploads\/2022\/04\/surdurulebilri-1-768x768.png 768w, https:\/\/sportforsdg.com\/wp-content\/uploads\/2022\/04\/surdurulebilri-1.png 1081w\" sizes=\"(max-width: 171px) 100vw, 171px\" \/><\/p>\r\n<span style=\"font-weight: 400;\">En 2010, un groupe de travail compos\u00e9 d&rsquo;experts sportifs, d&rsquo;artistes et de volontaires locaux actifs dans le travail de jeunesse a command\u00e9 une recherche pour documenter les besoins des personnes d\u00e9favoris\u00e9es \u00e0 Istanbul. IKOS a \u00e9t\u00e9 cr\u00e9\u00e9 pour contribuer les domaines suivants :<\/span>\r\n<ul>\r\n \t<li style=\"font-weight: 400;\" aria-level=\"1\"><span style=\"font-weight: 400;\">Soutenir le d\u00e9veloppement de la communaut\u00e9 implique des groupes d\u00e9favoris\u00e9s d&rsquo;\u00e2ges diff\u00e9rents<\/span><\/li>\r\n \t<li style=\"font-weight: 400;\" aria-level=\"1\"><span style=\"font-weight: 400;\">Sensibilisation sur le sport et l&rsquo;art comme outils d&rsquo;autonomisation de la soci\u00e9t\u00e9<\/span><\/li>\r\n \t<li style=\"font-weight: 400;\" aria-level=\"1\"><span style=\"font-weight: 400;\">Activit\u00e9s sportives de proximit\u00e9 aupr\u00e8s des groupes cibles les plus vuln\u00e9rables<\/span><\/li>\r\n \t<li style=\"font-weight: 400;\" aria-level=\"1\"><span style=\"font-weight: 400;\">Mise en r\u00e9seau avec des organisations d&rsquo;inclusion et sportives existantes<\/span><\/li>\r\n<\/ul>\r\n<span style=\"font-weight: 400;\">IKOS investit dans l&rsquo;autonomisation et l&rsquo;implication des jeunes et des enfants d\u00e9favoris\u00e9s qui acqui\u00e8rent des comp\u00e9tences non techniques, ont confiance en eux et fa\u00e7onnent leur avenir avec espoir via l&rsquo;art et le sport. Afin d&rsquo;atteindre les objectifs d&rsquo;IKOS, les activit\u00e9s ont \u00e9t\u00e9 conduites dans 4 domaines principaux : Sport Studies, Art &amp; Culture Studies, Youth Work et:<\/span>\r\n\r\n\t\t\t\t\t\t\t\t<\/div>\n\t\t\t\t<\/div>\n\t\t\t\t<div class=\"elementor-element elementor-element-5cfcae9 elementor-widget elementor-widget-text-editor\" data-id=\"5cfcae9\" data-element_type=\"widget\" data-e-type=\"widget\" data-widget_type=\"text-editor.default\">\n\t\t\t\t<div class=\"elementor-widget-container\">\n\t\t\t\t\t\t\t\t\t<b>\u00c0 propos des \u00e9tudes sportives<\/b>\r\n\r\n<span style=\"font-weight: 400;\">Le sport est un outil efficace que nous utilisons pour l&rsquo;autonomisation sociale. Dans le domaine du sport, nous visons \u00e0 accro\u00eetre l&rsquo;utilisation du sport en tant qu&rsquo;outil de lutte contre les in\u00e9galit\u00e9s sociales et les probl\u00e8mes d&rsquo;exclusion sociale dans nos soci\u00e9t\u00e9s. IKOS se concentre sur la conduite de m\u00e9thodologies d&rsquo;\u00e9ducation par le sport dans les travaux des ONG et des organisations sportives. Les activit\u00e9s sportives bas\u00e9es sur l&rsquo;\u00e9ducation avec un agenda cach\u00e9 constituent une partie importante de nos \u00e9tudes sportives dans nos travaux avec les r\u00e9fugi\u00e9s et les immigrants, les personnes handicap\u00e9es, les femmes NEET, les jeunes et les personnes \u00e2g\u00e9es d\u00e9favoris\u00e9s sur le plan socio-\u00e9conomique.<\/span>\r\n\r\n&nbsp;\t\t\t\t\t\t\t\t<\/div>\n\t\t\t\t<\/div>\n\t\t\t\t\t<\/div>\n\t\t<\/div>\n\t\t\t\t\t<\/div>\n\t\t<\/section>\n\t\t\t\t<\/div>\n\t\t","protected":false},"excerpt":{"rendered":"<p>En 2010, un groupe de travail compos\u00e9 d&rsquo;experts sportifs, d&rsquo;artistes et de volontaires locaux actifs dans le travail de jeunesse a command\u00e9 une recherche pour documenter les besoins des personnes d\u00e9favoris\u00e9es \u00e0 Istanbul. IKOS a \u00e9t\u00e9 cr\u00e9\u00e9 pour contribuer les domaines suivants : Soutenir le d\u00e9veloppement de la communaut\u00e9 implique des groupes d\u00e9favoris\u00e9s d&rsquo;\u00e2ges diff\u00e9rents [&hellip;]<\/p>\n","protected":false},"author":1,"featured_media":0,"parent":0,"menu_order":0,"comment_status":"closed","ping_status":"closed","template":"","meta":{"om_disable_all_campaigns":false,"_uag_custom_page_level_css":"","_monsterinsights_skip_tracking":false,"_monsterinsights_sitenote_active":false,"_monsterinsights_sitenote_note":"","_monsterinsights_sitenote_category":0,"site-sidebar-layout":"default","site-content-layout":"","ast-site-content-layout":"default","site-content-style":"default","site-sidebar-style":"default","ast-global-header-display":"","ast-banner-title-visibility":"","ast-main-header-display":"","ast-hfb-above-header-display":"","ast-hfb-below-header-display":"","ast-hfb-mobile-header-display":"","site-post-title":"","ast-breadcrumbs-content":"","ast-featured-img":"","footer-sml-layout":"","ast-disable-related-posts":"","theme-transparent-header-meta":"","adv-header-id-meta":"","stick-header-meta":"","header-above-stick-meta":"","header-main-stick-meta":"","header-below-stick-meta":"","astra-migrate-meta-layouts":"default","ast-page-background-enabled":"default","ast-page-background-meta":{"desktop":{"background-color":"","background-image":"","background-repeat":"repeat","background-position":"center center","background-size":"auto","background-attachment":"scroll","background-type":"","background-media":"","overlay-type":"","overlay-color":"","overlay-opacity":"","overlay-gradient":""},"tablet":{"background-color":"","background-image":"","background-repeat":"repeat","background-position":"center center","background-size":"auto","background-attachment":"scroll","background-type":"","background-media":"","overlay-type":"","overlay-color":"","overlay-opacity":"","overlay-gradient":""},"mobile":{"background-color":"","background-image":"","background-repeat":"repeat","background-position":"center center","background-size":"auto","background-attachment":"scroll","background-type":"","background-media":"","overlay-type":"","overlay-color":"","overlay-opacity":"","overlay-gradient":""}},"ast-content-background-meta":{"desktop":{"background-color":"var(--ast-global-color-5)","background-image":"","background-repeat":"repeat","background-position":"center center","background-size":"auto","background-attachment":"scroll","background-type":"","background-media":"","overlay-type":"","overlay-color":"","overlay-opacity":"","overlay-gradient":""},"tablet":{"background-color":"var(--ast-global-color-5)","background-image":"","background-repeat":"repeat","background-position":"center center","background-size":"auto","background-attachment":"scroll","background-type":"","background-media":"","overlay-type":"","overlay-color":"","overlay-opacity":"","overlay-gradient":""},"mobile":{"background-color":"var(--ast-global-color-5)","background-image":"","background-repeat":"repeat","background-position":"center center","background-size":"auto","background-attachment":"scroll","background-type":"","background-media":"","overlay-type":"","overlay-color":"","overlay-opacity":"","overlay-gradient":""}},"footnotes":""},"class_list":["post-2878","page","type-page","status-publish","hentry"],"aioseo_notices":[],"uagb_featured_image_src":{"full":false,"thumbnail":false,"medium":false,"medium_large":false,"large":false,"1536x1536":false,"2048x2048":false},"uagb_author_info":{"display_name":"emre@demturkey.com","author_link":"https:\/\/sportforsdg.com\/fr\/author\/emredemturkey-com\/"},"uagb_comment_info":0,"uagb_excerpt":"En 2010, un groupe de travail compos\u00e9 d&rsquo;experts sportifs, d&rsquo;artistes et de volontaires locaux actifs dans le travail de jeunesse a command\u00e9 une recherche pour documenter les besoins des personnes d\u00e9favoris\u00e9es \u00e0 Istanbul. IKOS a \u00e9t\u00e9 cr\u00e9\u00e9 pour contribuer les domaines suivants : Soutenir le d\u00e9veloppement de la communaut\u00e9 implique des groupes d\u00e9favoris\u00e9s d&rsquo;\u00e2ges diff\u00e9rents\u2026","_links":{"self":[{"href":"https:\/\/sportforsdg.com\/fr\/wp-json\/wp\/v2\/pages\/2878","targetHints":{"allow":["GET"]}}],"collection":[{"href":"https:\/\/sportforsdg.com\/fr\/wp-json\/wp\/v2\/pages"}],"about":[{"href":"https:\/\/sportforsdg.com\/fr\/wp-json\/wp\/v2\/types\/page"}],"author":[{"embeddable":true,"href":"https:\/\/sportforsdg.com\/fr\/wp-json\/wp\/v2\/users\/1"}],"replies":[{"embeddable":true,"href":"https:\/\/sportforsdg.com\/fr\/wp-json\/wp\/v2\/comments?post=2878"}],"version-history":[{"count":3,"href":"https:\/\/sportforsdg.com\/fr\/wp-json\/wp\/v2\/pages\/2878\/revisions"}],"predecessor-version":[{"id":2881,"href":"https:\/\/sportforsdg.com\/fr\/wp-json\/wp\/v2\/pages\/2878\/revisions\/2881"}],"wp:attachment":[{"href":"https:\/\/sportforsdg.com\/fr\/wp-json\/wp\/v2\/media?parent=2878"}],"curies":[{"name":"wp","href":"https:\/\/api.w.org\/{rel}","templated":true}]}}