{"id":2885,"date":"2022-11-29T17:29:47","date_gmt":"2022-11-29T14:29:47","guid":{"rendered":"https:\/\/sportforsdg.com\/povod-institut-pour-la-culture-et-le-developpement-des-relations-internationales-dans-la-culture\/"},"modified":"2022-11-29T17:29:48","modified_gmt":"2022-11-29T14:29:48","slug":"povod-institut-pour-la-culture-et-le-developpement-des-relations-internationales-dans-la-culture","status":"publish","type":"page","link":"https:\/\/sportforsdg.com\/fr\/povod-institut-pour-la-culture-et-le-developpement-des-relations-internationales-dans-la-culture\/","title":{"rendered":"POVOD Institut pour la culture et le d\u00e9veloppement des relations internationales dans la culture"},"content":{"rendered":"\t\t<div data-elementor-type=\"wp-page\" data-elementor-id=\"2885\" class=\"elementor elementor-2885 elementor-1854\">\n\t\t\t\t\t\t<section class=\"elementor-section elementor-top-section elementor-element elementor-element-57787817 elementor-section-boxed elementor-section-height-default elementor-section-height-default\" data-id=\"57787817\" data-element_type=\"section\" data-e-type=\"section\">\n\t\t\t\t\t\t<div class=\"elementor-container elementor-column-gap-default\">\n\t\t\t\t\t<div class=\"elementor-column elementor-col-100 elementor-top-column elementor-element elementor-element-50115688\" data-id=\"50115688\" data-element_type=\"column\" data-e-type=\"column\">\n\t\t\t<div class=\"elementor-widget-wrap elementor-element-populated\">\n\t\t\t\t\t\t<div class=\"elementor-element elementor-element-49afb720 elementor-widget elementor-widget-text-editor\" data-id=\"49afb720\" data-element_type=\"widget\" data-e-type=\"widget\" data-widget_type=\"text-editor.default\">\n\t\t\t\t<div class=\"elementor-widget-container\">\n\t\t\t\t\t\t\t\t\t\r\n<p style=\"font-weight: 400;\"><img decoding=\"async\" class=\" wp-image-1903 alignleft\" src=\"https:\/\/sportforsdg.com\/wp-content\/uploads\/2022\/04\/Calisma-Yuzeyi-5-300x300.png\" alt=\"\" width=\"133\" height=\"133\" srcset=\"https:\/\/sportforsdg.com\/wp-content\/uploads\/2022\/04\/Calisma-Yuzeyi-5-300x300.png 300w, https:\/\/sportforsdg.com\/wp-content\/uploads\/2022\/04\/Calisma-Yuzeyi-5-1024x1024.png 1024w, https:\/\/sportforsdg.com\/wp-content\/uploads\/2022\/04\/Calisma-Yuzeyi-5-150x150.png 150w, https:\/\/sportforsdg.com\/wp-content\/uploads\/2022\/04\/Calisma-Yuzeyi-5-768x768.png 768w, https:\/\/sportforsdg.com\/wp-content\/uploads\/2022\/04\/Calisma-Yuzeyi-5.png 1081w\" sizes=\"(max-width: 133px) 100vw, 133px\" \/><\/p>\r\n<span style=\"font-weight: 400;\">POVOD travaille dans le domaine de la coop\u00e9ration internationale au d\u00e9veloppement et repr\u00e9sente \u00e9galement la Slov\u00e9nie et les ONG slov\u00e8nes au niveau mondial.\u00a0<\/span>\r\n\r\n<span style=\"font-weight: 400;\">Nous sommes \u00e9galement membres du conseil d&rsquo;administration de la plate-forme nationale des ONG de coop\u00e9ration internationale au d\u00e9veloppement et nous sommes actifs dans la coalition nationale pour le soutien aux r\u00e9fugi\u00e9s en Slov\u00e9nie.\u00a0<\/span>\r\n\r\n<span style=\"font-weight: 400;\">POVOD travaille dans le domaine du d\u00e9veloppement international au Moyen-Orient, en Afrique du Nord, en Afghanistan et en Asie avec des programmes interculturels et interreligieux.\u00a0<\/span>\r\n\r\n<span style=\"font-weight: 400;\">La plupart des programmes sont ax\u00e9s sur le dialogue interculturel et la tol\u00e9rance et d&rsquo;autres sur l&rsquo;autonomisation des individus et des organisations civiles pour qu&rsquo;ils prennent des initiatives personnelles et des capacit\u00e9s d&rsquo;entrepreneuriat, y compris des formations professionnelles.<\/span>\r\n<p style=\"font-weight: 400;\"><br style=\"font-weight: 400;\" \/>\r\n<\/p>\r\n\t\t\t\t\t\t\t\t<\/div>\n\t\t\t\t<\/div>\n\t\t\t\t\t<\/div>\n\t\t<\/div>\n\t\t\t\t\t<\/div>\n\t\t<\/section>\n\t\t\t\t<\/div>\n\t\t","protected":false},"excerpt":{"rendered":"<p>POVOD travaille dans le domaine de la coop\u00e9ration internationale au d\u00e9veloppement et repr\u00e9sente \u00e9galement la Slov\u00e9nie et les ONG slov\u00e8nes au niveau mondial.\u00a0 Nous sommes \u00e9galement membres du conseil d&rsquo;administration de la plate-forme nationale des ONG de coop\u00e9ration internationale au d\u00e9veloppement et nous sommes actifs dans la coalition nationale pour le soutien aux r\u00e9fugi\u00e9s en [&hellip;]<\/p>\n","protected":false},"author":1,"featured_media":0,"parent":0,"menu_order":0,"comment_status":"closed","ping_status":"closed","template":"","meta":{"om_disable_all_campaigns":false,"_uag_custom_page_level_css":"","_monsterinsights_skip_tracking":false,"_monsterinsights_sitenote_active":false,"_monsterinsights_sitenote_note":"","_monsterinsights_sitenote_category":0,"site-sidebar-layout":"default","site-content-layout":"","ast-site-content-layout":"default","site-content-style":"default","site-sidebar-style":"default","ast-global-header-display":"","ast-banner-title-visibility":"","ast-main-header-display":"","ast-hfb-above-header-display":"","ast-hfb-below-header-display":"","ast-hfb-mobile-header-display":"","site-post-title":"","ast-breadcrumbs-content":"","ast-featured-img":"","footer-sml-layout":"","ast-disable-related-posts":"","theme-transparent-header-meta":"","adv-header-id-meta":"","stick-header-meta":"","header-above-stick-meta":"","header-main-stick-meta":"","header-below-stick-meta":"","astra-migrate-meta-layouts":"default","ast-page-background-enabled":"default","ast-page-background-meta":{"desktop":{"background-color":"","background-image":"","background-repeat":"repeat","background-position":"center center","background-size":"auto","background-attachment":"scroll","background-type":"","background-media":"","overlay-type":"","overlay-color":"","overlay-opacity":"","overlay-gradient":""},"tablet":{"background-color":"","background-image":"","background-repeat":"repeat","background-position":"center center","background-size":"auto","background-attachment":"scroll","background-type":"","background-media":"","overlay-type":"","overlay-color":"","overlay-opacity":"","overlay-gradient":""},"mobile":{"background-color":"","background-image":"","background-repeat":"repeat","background-position":"center center","background-size":"auto","background-attachment":"scroll","background-type":"","background-media":"","overlay-type":"","overlay-color":"","overlay-opacity":"","overlay-gradient":""}},"ast-content-background-meta":{"desktop":{"background-color":"var(--ast-global-color-5)","background-image":"","background-repeat":"repeat","background-position":"center center","background-size":"auto","background-attachment":"scroll","background-type":"","background-media":"","overlay-type":"","overlay-color":"","overlay-opacity":"","overlay-gradient":""},"tablet":{"background-color":"var(--ast-global-color-5)","background-image":"","background-repeat":"repeat","background-position":"center center","background-size":"auto","background-attachment":"scroll","background-type":"","background-media":"","overlay-type":"","overlay-color":"","overlay-opacity":"","overlay-gradient":""},"mobile":{"background-color":"var(--ast-global-color-5)","background-image":"","background-repeat":"repeat","background-position":"center center","background-size":"auto","background-attachment":"scroll","background-type":"","background-media":"","overlay-type":"","overlay-color":"","overlay-opacity":"","overlay-gradient":""}},"footnotes":""},"class_list":["post-2885","page","type-page","status-publish","hentry"],"aioseo_notices":[],"uagb_featured_image_src":{"full":false,"thumbnail":false,"medium":false,"medium_large":false,"large":false,"1536x1536":false,"2048x2048":false},"uagb_author_info":{"display_name":"emre@demturkey.com","author_link":"https:\/\/sportforsdg.com\/fr\/author\/emredemturkey-com\/"},"uagb_comment_info":0,"uagb_excerpt":"POVOD travaille dans le domaine de la coop\u00e9ration internationale au d\u00e9veloppement et repr\u00e9sente \u00e9galement la Slov\u00e9nie et les ONG slov\u00e8nes au niveau mondial.\u00a0 Nous sommes \u00e9galement membres du conseil d&rsquo;administration de la plate-forme nationale des ONG de coop\u00e9ration internationale au d\u00e9veloppement et nous sommes actifs dans la coalition nationale pour le soutien aux r\u00e9fugi\u00e9s en\u2026","_links":{"self":[{"href":"https:\/\/sportforsdg.com\/fr\/wp-json\/wp\/v2\/pages\/2885","targetHints":{"allow":["GET"]}}],"collection":[{"href":"https:\/\/sportforsdg.com\/fr\/wp-json\/wp\/v2\/pages"}],"about":[{"href":"https:\/\/sportforsdg.com\/fr\/wp-json\/wp\/v2\/types\/page"}],"author":[{"embeddable":true,"href":"https:\/\/sportforsdg.com\/fr\/wp-json\/wp\/v2\/users\/1"}],"replies":[{"embeddable":true,"href":"https:\/\/sportforsdg.com\/fr\/wp-json\/wp\/v2\/comments?post=2885"}],"version-history":[{"count":3,"href":"https:\/\/sportforsdg.com\/fr\/wp-json\/wp\/v2\/pages\/2885\/revisions"}],"predecessor-version":[{"id":2888,"href":"https:\/\/sportforsdg.com\/fr\/wp-json\/wp\/v2\/pages\/2885\/revisions\/2888"}],"wp:attachment":[{"href":"https:\/\/sportforsdg.com\/fr\/wp-json\/wp\/v2\/media?parent=2885"}],"curies":[{"name":"wp","href":"https:\/\/api.w.org\/{rel}","templated":true}]}}