{"id":2889,"date":"2022-11-29T17:30:42","date_gmt":"2022-11-29T14:30:42","guid":{"rendered":"https:\/\/sportforsdg.com\/sport-istanbul\/"},"modified":"2022-11-29T17:30:42","modified_gmt":"2022-11-29T14:30:42","slug":"sport-istanbul","status":"publish","type":"page","link":"https:\/\/sportforsdg.com\/fr\/sport-istanbul\/","title":{"rendered":"Sport Istanbul"},"content":{"rendered":"\t\t<div data-elementor-type=\"wp-page\" data-elementor-id=\"2889\" class=\"elementor elementor-2889 elementor-1848\">\n\t\t\t\t\t\t<section class=\"elementor-section elementor-top-section elementor-element elementor-element-8b81cbc elementor-section-boxed elementor-section-height-default elementor-section-height-default\" data-id=\"8b81cbc\" data-element_type=\"section\" data-e-type=\"section\">\n\t\t\t\t\t\t<div class=\"elementor-container elementor-column-gap-default\">\n\t\t\t\t\t<div class=\"elementor-column elementor-col-100 elementor-top-column elementor-element elementor-element-388d73a\" data-id=\"388d73a\" data-element_type=\"column\" data-e-type=\"column\">\n\t\t\t<div class=\"elementor-widget-wrap elementor-element-populated\">\n\t\t\t\t\t\t<div class=\"elementor-element elementor-element-63754fbd elementor-widget elementor-widget-text-editor\" data-id=\"63754fbd\" data-element_type=\"widget\" data-e-type=\"widget\" data-widget_type=\"text-editor.default\">\n\t\t\t\t<div class=\"elementor-widget-container\">\n\t\t\t\t\t\t\t\t\t<p style=\"font-weight: 400;\"><img decoding=\"async\" class=\" wp-image-1900 alignleft\" src=\"https:\/\/sportforsdg.com\/wp-content\/uploads\/2022\/04\/Calisma-Yuzeyi-2-300x300.png\" alt=\"\" width=\"162\" height=\"162\" srcset=\"https:\/\/sportforsdg.com\/wp-content\/uploads\/2022\/04\/Calisma-Yuzeyi-2-300x300.png 300w, https:\/\/sportforsdg.com\/wp-content\/uploads\/2022\/04\/Calisma-Yuzeyi-2-1024x1024.png 1024w, https:\/\/sportforsdg.com\/wp-content\/uploads\/2022\/04\/Calisma-Yuzeyi-2-150x150.png 150w, https:\/\/sportforsdg.com\/wp-content\/uploads\/2022\/04\/Calisma-Yuzeyi-2-768x768.png 768w, https:\/\/sportforsdg.com\/wp-content\/uploads\/2022\/04\/Calisma-Yuzeyi-2.png 1081w\" sizes=\"(max-width: 162px) 100vw, 162px\" \/><\/p>\n<p><span style=\"font-weight: 400;\">Sports Activities and Administration Trade INC. (Sport Istanbul) a \u00e9t\u00e9 fond\u00e9e en 1989 en tant que soci\u00e9t\u00e9 affili\u00e9e \u00e0 la municipalit\u00e9 m\u00e9tropolitaine d&rsquo;Istanbul. Afin d&rsquo;am\u00e9liorer la sant\u00e9 physique et mentale des habitants d&rsquo;Istanbul et de d\u00e9velopper leurs comp\u00e9tences dans le domaine du sport et de l&rsquo;activit\u00e9 physique.\u00a0<\/span><\/p>\n<p><span style=\"font-weight: 400;\">Sport Istanbul fixe ses priorit\u00e9s en les encourageant \u00e0 b\u00e9n\u00e9ficier d&rsquo;installations sportives et \u00e0 participer activement aux activit\u00e9s sportives et physiques. Parmi ses activit\u00e9s figurent la gestion des installations sportives de la municipalit\u00e9 m\u00e9tropolitaine d&rsquo;Istanbul, l&rsquo;organisation de concours nationaux et internationaux scientifiques, techniques, \u00e9ducatifs, sportifs, touristiques, culturels, de festivals, d&rsquo;expositions, de voyages, de camps, de conf\u00e9rences, de s\u00e9minaires et de cours dans le domaine du sport. ; et mener des recherches et des \u00e9tudes p\u00e9dagogiques dans les domaines connexes.\u00a0<\/span><\/p>\n<p><span style=\"font-weight: 400;\">Depuis sa fondation, elle a acquis des r\u00e9alisations et des exp\u00e9riences importantes dans les domaines de la gestion d&rsquo;installations sportives, des organisations sportives nationales et internationales.<\/span><\/p>\n<p><span style=\"font-weight: 400;\">Actuellement, Sport Istanbul op\u00e8re quotidiennement dans 28 quartiers d&rsquo;Istanbul, 51 installations sportives via 25 branches sportives et d&rsquo;activit\u00e9s physiques diff\u00e9rentes, et propose du sport \u00e0 environ 1 million de personnes d&rsquo;Istanbul \u00e0 travers 24 piscines<\/span><span style=\"font-weight: 400;\">, 39 \u201cCarpet court\u201d<\/span><span style=\"font-weight: 400;\">, 19 salles de sport, 42 courts de tennis, 38 salles de fitness, 23 cours en studio, 20 salles de sports extr\u00eame-orient, 6 gymnases, 6 salles de tir \u00e0 l&rsquo;arc, 2 patinoires, 7 stades et offrent 8 salles d&rsquo;entra\u00eenement.\u00a0<\/span><\/p>\n<p><span style=\"font-weight: 400;\">Actuellement, Sport Istanbul emploie 2341 personnes.<\/span><\/p>\n<p style=\"font-weight: 400;\"><br style=\"font-weight: 400;\" \/><\/p>\n\t\t\t\t\t\t\t\t<\/div>\n\t\t\t\t<\/div>\n\t\t\t\t\t<\/div>\n\t\t<\/div>\n\t\t\t\t\t<\/div>\n\t\t<\/section>\n\t\t\t\t<\/div>\n\t\t","protected":false},"excerpt":{"rendered":"<p>Sports Activities and Administration Trade INC. (Sport Istanbul) a \u00e9t\u00e9 fond\u00e9e en 1989 en tant que soci\u00e9t\u00e9 affili\u00e9e \u00e0 la municipalit\u00e9 m\u00e9tropolitaine d&rsquo;Istanbul. Afin d&rsquo;am\u00e9liorer la sant\u00e9 physique et mentale des habitants d&rsquo;Istanbul et de d\u00e9velopper leurs comp\u00e9tences dans le domaine du sport et de l&rsquo;activit\u00e9 physique.\u00a0 Sport Istanbul fixe ses priorit\u00e9s en les encourageant [&hellip;]<\/p>\n","protected":false},"author":1,"featured_media":0,"parent":0,"menu_order":0,"comment_status":"closed","ping_status":"closed","template":"","meta":{"om_disable_all_campaigns":false,"_uag_custom_page_level_css":"","_monsterinsights_skip_tracking":false,"_monsterinsights_sitenote_active":false,"_monsterinsights_sitenote_note":"","_monsterinsights_sitenote_category":0,"site-sidebar-layout":"default","site-content-layout":"","ast-site-content-layout":"default","site-content-style":"default","site-sidebar-style":"default","ast-global-header-display":"","ast-banner-title-visibility":"","ast-main-header-display":"","ast-hfb-above-header-display":"","ast-hfb-below-header-display":"","ast-hfb-mobile-header-display":"","site-post-title":"","ast-breadcrumbs-content":"","ast-featured-img":"","footer-sml-layout":"","ast-disable-related-posts":"","theme-transparent-header-meta":"","adv-header-id-meta":"","stick-header-meta":"","header-above-stick-meta":"","header-main-stick-meta":"","header-below-stick-meta":"","astra-migrate-meta-layouts":"default","ast-page-background-enabled":"default","ast-page-background-meta":{"desktop":{"background-color":"","background-image":"","background-repeat":"repeat","background-position":"center center","background-size":"auto","background-attachment":"scroll","background-type":"","background-media":"","overlay-type":"","overlay-color":"","overlay-opacity":"","overlay-gradient":""},"tablet":{"background-color":"","background-image":"","background-repeat":"repeat","background-position":"center center","background-size":"auto","background-attachment":"scroll","background-type":"","background-media":"","overlay-type":"","overlay-color":"","overlay-opacity":"","overlay-gradient":""},"mobile":{"background-color":"","background-image":"","background-repeat":"repeat","background-position":"center center","background-size":"auto","background-attachment":"scroll","background-type":"","background-media":"","overlay-type":"","overlay-color":"","overlay-opacity":"","overlay-gradient":""}},"ast-content-background-meta":{"desktop":{"background-color":"var(--ast-global-color-5)","background-image":"","background-repeat":"repeat","background-position":"center center","background-size":"auto","background-attachment":"scroll","background-type":"","background-media":"","overlay-type":"","overlay-color":"","overlay-opacity":"","overlay-gradient":""},"tablet":{"background-color":"var(--ast-global-color-5)","background-image":"","background-repeat":"repeat","background-position":"center center","background-size":"auto","background-attachment":"scroll","background-type":"","background-media":"","overlay-type":"","overlay-color":"","overlay-opacity":"","overlay-gradient":""},"mobile":{"background-color":"var(--ast-global-color-5)","background-image":"","background-repeat":"repeat","background-position":"center center","background-size":"auto","background-attachment":"scroll","background-type":"","background-media":"","overlay-type":"","overlay-color":"","overlay-opacity":"","overlay-gradient":""}},"footnotes":""},"class_list":["post-2889","page","type-page","status-publish","hentry"],"aioseo_notices":[],"uagb_featured_image_src":{"full":false,"thumbnail":false,"medium":false,"medium_large":false,"large":false,"1536x1536":false,"2048x2048":false},"uagb_author_info":{"display_name":"emre@demturkey.com","author_link":"https:\/\/sportforsdg.com\/fr\/author\/emredemturkey-com\/"},"uagb_comment_info":0,"uagb_excerpt":"Sports Activities and Administration Trade INC. (Sport Istanbul) a \u00e9t\u00e9 fond\u00e9e en 1989 en tant que soci\u00e9t\u00e9 affili\u00e9e \u00e0 la municipalit\u00e9 m\u00e9tropolitaine d&rsquo;Istanbul. Afin d&rsquo;am\u00e9liorer la sant\u00e9 physique et mentale des habitants d&rsquo;Istanbul et de d\u00e9velopper leurs comp\u00e9tences dans le domaine du sport et de l&rsquo;activit\u00e9 physique.\u00a0 Sport Istanbul fixe ses priorit\u00e9s en les encourageant\u2026","_links":{"self":[{"href":"https:\/\/sportforsdg.com\/fr\/wp-json\/wp\/v2\/pages\/2889","targetHints":{"allow":["GET"]}}],"collection":[{"href":"https:\/\/sportforsdg.com\/fr\/wp-json\/wp\/v2\/pages"}],"about":[{"href":"https:\/\/sportforsdg.com\/fr\/wp-json\/wp\/v2\/types\/page"}],"author":[{"embeddable":true,"href":"https:\/\/sportforsdg.com\/fr\/wp-json\/wp\/v2\/users\/1"}],"replies":[{"embeddable":true,"href":"https:\/\/sportforsdg.com\/fr\/wp-json\/wp\/v2\/comments?post=2889"}],"version-history":[{"count":1,"href":"https:\/\/sportforsdg.com\/fr\/wp-json\/wp\/v2\/pages\/2889\/revisions"}],"predecessor-version":[{"id":2890,"href":"https:\/\/sportforsdg.com\/fr\/wp-json\/wp\/v2\/pages\/2889\/revisions\/2890"}],"wp:attachment":[{"href":"https:\/\/sportforsdg.com\/fr\/wp-json\/wp\/v2\/media?parent=2889"}],"curies":[{"name":"wp","href":"https:\/\/api.w.org\/{rel}","templated":true}]}}