{"id":4721,"date":"2022-12-13T13:58:52","date_gmt":"2022-12-13T10:58:52","guid":{"rendered":"https:\/\/sportforsdg.com\/io1-le-sport-pour-le-developpement-des-aptitudes-et-des-savoirs-etre-dans-leducation-des-adultes\/"},"modified":"2022-12-14T23:19:39","modified_gmt":"2022-12-14T20:19:39","slug":"io1-le-sport-pour-le-developpement-des-aptitudes-et-des-savoirs-etre-dans-leducation-des-adultes","status":"publish","type":"page","link":"https:\/\/sportforsdg.com\/fr\/io1-le-sport-pour-le-developpement-des-aptitudes-et-des-savoirs-etre-dans-leducation-des-adultes\/","title":{"rendered":"IO1 &#8211; Le sport pour le d\u00e9veloppement des aptitudes et des savoirs \u00eatre dans l&rsquo;\u00e9ducation des adultes"},"content":{"rendered":"\n<p>Dans le cadre du projet \u00a0\u00bb Le d\u00e9veloppement durable par le sport \u00ab\u00a0, nous avons mis au point une m\u00e9thodologie innovante qui montre le lien entre les comp\u00e9tences cl\u00e9s Erasmus+, les objectifs de d\u00e9veloppement durable et comment mettre en \u0153uvre ce lien par le biais de pratiques sportives.<\/p>\n\n\n\n<p>Avec la reconnaissance du sport comme outils \u00e9ducatifs, nous pensons que les formations en \u00ab\u00a0intentions cach\u00e9es\u00a0\u00bb qui sont bas\u00e9es sur la m\u00e9thodologie de l\u2019\u00c9ducation par le Sport,  ont plus \u00e0 offrir pour soutenir le processus d&rsquo;apprentissage de chaque individu.<\/p>\n\n\n\n<p>Gr\u00e2ce \u00e0 ce projet, notre point de d\u00e9part initial consiste \u00e0 augmenter les comp\u00e9tences des personnes NEET \u00e2g\u00e9es de 20 \u00e0 34 ans en se concentrant sur les femmes, car nous sommes confront\u00e9s \u00e0 de s\u00e9rieux \u00e9carts entre les sexes dans les pays. Nous voulions activer le potentiel des femmes NEET en augmentant la capacit\u00e9 m\u00e9thodologique des \u00e9ducateurs d&rsquo;adultes, des entra\u00eeneurs sportifs et des formateurs sportifs pour contribuer \u00e0 leur d\u00e9veloppement.<\/p>\n\n\n\n<p>IO1 &#8211; Manual on Sport for Soft Skill Development in Adult Education (Manuel sur le sport pour le d\u00e9veloppement des aptitudes et savoir \u00eatre dans l&rsquo;\u00e9ducation des adultes) propose 4 chapitres sur la fa\u00e7on dont nous pouvons utiliser le sport comme outil \u00e9ducatif. Ce manuel a \u00e9t\u00e9 cr\u00e9\u00e9 en anglais et traduit en turc, fran\u00e7ais, mac\u00e9donien et slov\u00e8ne pour \u00eatre utilis\u00e9 par les formateurs locaux ou d&rsquo;autres b\u00e9n\u00e9ficiaires. Nous esp\u00e9rons qu&rsquo;il sera b\u00e9n\u00e9fique pour tous !<\/p>\n\n\n\n<div class=\"wp-block-buttons is-layout-flex wp-block-buttons-is-layout-flex\">\n<div class=\"wp-block-button\"><a class=\"wp-block-button__link wp-element-button\" href=\"https:\/\/sportforsdg.com\/wp-content\/uploads\/2022\/12\/FR-IO1-Sport-for-SSD_compressed.pdf\">T\u00c9L\u00c9CHARGER<\/a><\/div>\n<\/div>\n","protected":false},"excerpt":{"rendered":"<p>Dans le cadre du projet \u00a0\u00bb Le d\u00e9veloppement durable par le sport \u00ab\u00a0, nous avons mis au point une m\u00e9thodologie innovante qui montre le lien entre les comp\u00e9tences cl\u00e9s Erasmus+, les objectifs de d\u00e9veloppement durable et comment mettre en \u0153uvre ce lien par le biais de pratiques sportives. Avec la reconnaissance du sport comme outils [&hellip;]<\/p>\n","protected":false},"author":1,"featured_media":0,"parent":0,"menu_order":0,"comment_status":"closed","ping_status":"closed","template":"","meta":{"om_disable_all_campaigns":false,"_uag_custom_page_level_css":"","_monsterinsights_skip_tracking":false,"_monsterinsights_sitenote_active":false,"_monsterinsights_sitenote_note":"","_monsterinsights_sitenote_category":0,"site-sidebar-layout":"default","site-content-layout":"","ast-site-content-layout":"default","site-content-style":"default","site-sidebar-style":"default","ast-global-header-display":"","ast-banner-title-visibility":"","ast-main-header-display":"","ast-hfb-above-header-display":"","ast-hfb-below-header-display":"","ast-hfb-mobile-header-display":"","site-post-title":"","ast-breadcrumbs-content":"","ast-featured-img":"","footer-sml-layout":"","ast-disable-related-posts":"","theme-transparent-header-meta":"","adv-header-id-meta":"","stick-header-meta":"","header-above-stick-meta":"","header-main-stick-meta":"","header-below-stick-meta":"","astra-migrate-meta-layouts":"default","ast-page-background-enabled":"default","ast-page-background-meta":{"desktop":{"background-color":"","background-image":"","background-repeat":"repeat","background-position":"center center","background-size":"auto","background-attachment":"scroll","background-type":"","background-media":"","overlay-type":"","overlay-color":"","overlay-opacity":"","overlay-gradient":""},"tablet":{"background-color":"","background-image":"","background-repeat":"repeat","background-position":"center center","background-size":"auto","background-attachment":"scroll","background-type":"","background-media":"","overlay-type":"","overlay-color":"","overlay-opacity":"","overlay-gradient":""},"mobile":{"background-color":"","background-image":"","background-repeat":"repeat","background-position":"center center","background-size":"auto","background-attachment":"scroll","background-type":"","background-media":"","overlay-type":"","overlay-color":"","overlay-opacity":"","overlay-gradient":""}},"ast-content-background-meta":{"desktop":{"background-color":"var(--ast-global-color-5)","background-image":"","background-repeat":"repeat","background-position":"center center","background-size":"auto","background-attachment":"scroll","background-type":"","background-media":"","overlay-type":"","overlay-color":"","overlay-opacity":"","overlay-gradient":""},"tablet":{"background-color":"var(--ast-global-color-5)","background-image":"","background-repeat":"repeat","background-position":"center center","background-size":"auto","background-attachment":"scroll","background-type":"","background-media":"","overlay-type":"","overlay-color":"","overlay-opacity":"","overlay-gradient":""},"mobile":{"background-color":"var(--ast-global-color-5)","background-image":"","background-repeat":"repeat","background-position":"center center","background-size":"auto","background-attachment":"scroll","background-type":"","background-media":"","overlay-type":"","overlay-color":"","overlay-opacity":"","overlay-gradient":""}},"footnotes":""},"class_list":["post-4721","page","type-page","status-publish","hentry"],"aioseo_notices":[],"uagb_featured_image_src":{"full":false,"thumbnail":false,"medium":false,"medium_large":false,"large":false,"1536x1536":false,"2048x2048":false},"uagb_author_info":{"display_name":"emre@demturkey.com","author_link":"https:\/\/sportforsdg.com\/fr\/author\/emredemturkey-com\/"},"uagb_comment_info":0,"uagb_excerpt":"Dans le cadre du projet \u00a0\u00bb Le d\u00e9veloppement durable par le sport \u00ab\u00a0, nous avons mis au point une m\u00e9thodologie innovante qui montre le lien entre les comp\u00e9tences cl\u00e9s Erasmus+, les objectifs de d\u00e9veloppement durable et comment mettre en \u0153uvre ce lien par le biais de pratiques sportives. Avec la reconnaissance du sport comme outils\u2026","_links":{"self":[{"href":"https:\/\/sportforsdg.com\/fr\/wp-json\/wp\/v2\/pages\/4721","targetHints":{"allow":["GET"]}}],"collection":[{"href":"https:\/\/sportforsdg.com\/fr\/wp-json\/wp\/v2\/pages"}],"about":[{"href":"https:\/\/sportforsdg.com\/fr\/wp-json\/wp\/v2\/types\/page"}],"author":[{"embeddable":true,"href":"https:\/\/sportforsdg.com\/fr\/wp-json\/wp\/v2\/users\/1"}],"replies":[{"embeddable":true,"href":"https:\/\/sportforsdg.com\/fr\/wp-json\/wp\/v2\/comments?post=4721"}],"version-history":[{"count":2,"href":"https:\/\/sportforsdg.com\/fr\/wp-json\/wp\/v2\/pages\/4721\/revisions"}],"predecessor-version":[{"id":4738,"href":"https:\/\/sportforsdg.com\/fr\/wp-json\/wp\/v2\/pages\/4721\/revisions\/4738"}],"wp:attachment":[{"href":"https:\/\/sportforsdg.com\/fr\/wp-json\/wp\/v2\/media?parent=4721"}],"curies":[{"name":"wp","href":"https:\/\/api.w.org\/{rel}","templated":true}]}}