{"id":2913,"date":"2022-11-29T17:58:19","date_gmt":"2022-11-29T14:58:19","guid":{"rendered":"https:\/\/sportforsdg.com\/kulturno-in-sportno-drustvo-istanbul-ikos\/"},"modified":"2022-11-29T17:58:19","modified_gmt":"2022-11-29T14:58:19","slug":"kulturno-in-sportno-drustvo-istanbul-ikos","status":"publish","type":"page","link":"https:\/\/sportforsdg.com\/sl\/kulturno-in-sportno-drustvo-istanbul-ikos\/","title":{"rendered":"Kulturno in \u0161portno dru\u0161tvo Istanbul \u2013 IKOS"},"content":{"rendered":"\t\t<div data-elementor-type=\"wp-page\" data-elementor-id=\"2913\" class=\"elementor elementor-2913 elementor-1846\">\n\t\t\t\t\t\t<section class=\"elementor-section elementor-top-section elementor-element elementor-element-63a18625 elementor-section-boxed elementor-section-height-default elementor-section-height-default\" data-id=\"63a18625\" data-element_type=\"section\" data-e-type=\"section\">\n\t\t\t\t\t\t<div class=\"elementor-container elementor-column-gap-default\">\n\t\t\t\t\t<div class=\"elementor-column elementor-col-100 elementor-top-column elementor-element elementor-element-403bdca2\" data-id=\"403bdca2\" data-element_type=\"column\" data-e-type=\"column\">\n\t\t\t<div class=\"elementor-widget-wrap elementor-element-populated\">\n\t\t\t\t\t\t<div class=\"elementor-element elementor-element-6c801204 elementor-widget elementor-widget-text-editor\" data-id=\"6c801204\" data-element_type=\"widget\" data-e-type=\"widget\" data-widget_type=\"text-editor.default\">\n\t\t\t\t<div class=\"elementor-widget-container\">\n\t\t\t\t\t\t\t\t\t\r\n<p style=\"font-weight: 400;\"><img decoding=\"async\" class=\" wp-image-1899 alignleft\" src=\"https:\/\/sportforsdg.com\/wp-content\/uploads\/2022\/04\/surdurulebilri-1-300x300.png\" alt=\"\" width=\"171\" height=\"171\" srcset=\"https:\/\/sportforsdg.com\/wp-content\/uploads\/2022\/04\/surdurulebilri-1-300x300.png 300w, https:\/\/sportforsdg.com\/wp-content\/uploads\/2022\/04\/surdurulebilri-1-1024x1024.png 1024w, https:\/\/sportforsdg.com\/wp-content\/uploads\/2022\/04\/surdurulebilri-1-150x150.png 150w, https:\/\/sportforsdg.com\/wp-content\/uploads\/2022\/04\/surdurulebilri-1-768x768.png 768w, https:\/\/sportforsdg.com\/wp-content\/uploads\/2022\/04\/surdurulebilri-1.png 1081w\" sizes=\"(max-width: 171px) 100vw, 171px\" \/><\/p>\r\n<span style=\"font-weight: 400;\">Leta 2010 je delovna skupina, ki jo sestavljajo ustrezni \u0161portni strokovnjaki, umetniki in lokalni prostovoljci, dejavni na podro\u010dju mladinskega dela, naro\u010dila raziskavo, da bi dokumentirala potrebe prikraj\u0161anih ljudi v Istanbulu. IKOS je bil ustanovljen za prispevanje na naslednjih podro\u010djih:<\/span>\r\n<ul>\r\n \t<li style=\"font-weight: 400;\" aria-level=\"1\"><span style=\"font-weight: 400;\">Podpora razvoju skupnosti vklju\u010duje prikraj\u0161ane skupine znotraj starostno me\u0161anih skupin<\/span><\/li>\r\n \t<li style=\"font-weight: 400;\" aria-level=\"1\"><span style=\"font-weight: 400;\">Ozave\u0161\u010danje o \u0161portu in umetnosti kot orodjih za opolnomo\u010denje dru\u017ebe<\/span><\/li>\r\n \t<li style=\"font-weight: 400;\" aria-level=\"1\"><span style=\"font-weight: 400;\">Dose\u010di \u0161portne aktivnosti najbolj ranljivim ciljnim skupinam<\/span><\/li>\r\n \t<li style=\"font-weight: 400;\" aria-level=\"1\"><span style=\"font-weight: 400;\">Mre\u017eenje z obstoje\u010dimi inkluzivnimi in \u0161portnimi organizacijami.<\/span><\/li>\r\n<\/ul>\r\n<span style=\"font-weight: 400;\">IKOS vlaga v opolnomo\u010denje in vklju\u010devanje prikraj\u0161anih mladih ljudi in otrok, ki preko umetnosti in \u0161porta pridobijo mehke ve\u0161\u010dine, samozavestni in z upanjem oblikujejo svojo prihodnost. Da bi dosegli cilje IKOS-a, so aktivnosti potekale na 4 glavnih podro\u010djih: \u0161tudij \u0161porta, \u0161tudij umetnosti in kulture, mladinsko delo&#8230;<\/span>\r\n\r\n&nbsp;\r\n\r\n\t\t\t\t\t\t\t\t<\/div>\n\t\t\t\t<\/div>\n\t\t\t\t<div class=\"elementor-element elementor-element-5cfcae9 elementor-widget elementor-widget-text-editor\" data-id=\"5cfcae9\" data-element_type=\"widget\" data-e-type=\"widget\" data-widget_type=\"text-editor.default\">\n\t\t\t\t<div class=\"elementor-widget-container\">\n\t\t\t\t\t\t\t\t\t<b>O \u0161portnih \u0161tudijah:\u00a0<\/b>\r\n\r\n&nbsp;\r\n\r\n<span style=\"font-weight: 400;\">\u0160port je u\u010dinkovito orodje, ki ga uporabljamo za dru\u017ebeno opolnomo\u010denje. Na podro\u010dju \u0161porta \u017eelimo pove\u010dati uporabo \u0161porta kot orodja za boj proti socialnim neenakostim in problemom socialne izklju\u010denosti v na\u0161ih dru\u017ebah. IKOS se osredoto\u010da na izvajanje metodologije izobra\u017eevanja skozi \u0161port v delu nevladnih organizacij in \u0161portnih organizacij. Na izobra\u017eevanju temelje\u010de \u0161portne dejavnosti s skritim namenom so glavni del na\u0161ih \u0161portnih \u0161tudij pri na\u0161em delu z begunci in priseljenci, invalidi, \u017eenskami NEET, socialno-ekonomsko prikraj\u0161animi mladimi in starej\u0161imi.<\/span>\r\n\r\n&nbsp;\r\n\r\n<span style=\"font-weight: 400;\">V zadnjih 5 letih smo sodelovali s tur\u0161ko ko\u0161arkarsko zvezo, tur\u0161ko teni\u0161ko zvezo, ob\u010dino Bayrampa\u015fa, oddelkom za \u0161portni management Univerze Bilgi, \u0161portnim klubom TED (Tennis Fence Alpinism), tur\u0161ko \u0161portno fundacijo, sirskim forumom, tur\u0161kim nacionalnim olimpijskim komitejem, PPI (Peace Players International), Metropolitanska ob\u010dina Istanbul in Sport Istanbul. Od leta 2019 na\u0161a organizacija izvaja izobra\u017eevalne dejavnosti in seminarje za ozave\u0161\u010danje, da bi poudarila vlogo \u0161porta pri spodbujanju ciljev trajnostnega razvoja ZN in njegov prispevek k Agendi 2030.<\/span>\r\n\r\n&nbsp;\t\t\t\t\t\t\t\t<\/div>\n\t\t\t\t<\/div>\n\t\t\t\t\t<\/div>\n\t\t<\/div>\n\t\t\t\t\t<\/div>\n\t\t<\/section>\n\t\t\t\t<\/div>\n\t\t","protected":false},"excerpt":{"rendered":"<p>Leta 2010 je delovna skupina, ki jo sestavljajo ustrezni \u0161portni strokovnjaki, umetniki in lokalni prostovoljci, dejavni na podro\u010dju mladinskega dela, naro\u010dila raziskavo, da bi dokumentirala potrebe prikraj\u0161anih ljudi v Istanbulu. IKOS je bil ustanovljen za prispevanje na naslednjih podro\u010djih: Podpora razvoju skupnosti vklju\u010duje prikraj\u0161ane skupine znotraj starostno me\u0161anih skupin Ozave\u0161\u010danje o \u0161portu in umetnosti kot [&hellip;]<\/p>\n","protected":false},"author":1,"featured_media":0,"parent":0,"menu_order":0,"comment_status":"closed","ping_status":"closed","template":"","meta":{"om_disable_all_campaigns":false,"_uag_custom_page_level_css":"","_monsterinsights_skip_tracking":false,"_monsterinsights_sitenote_active":false,"_monsterinsights_sitenote_note":"","_monsterinsights_sitenote_category":0,"site-sidebar-layout":"default","site-content-layout":"","ast-site-content-layout":"default","site-content-style":"default","site-sidebar-style":"default","ast-global-header-display":"","ast-banner-title-visibility":"","ast-main-header-display":"","ast-hfb-above-header-display":"","ast-hfb-below-header-display":"","ast-hfb-mobile-header-display":"","site-post-title":"","ast-breadcrumbs-content":"","ast-featured-img":"","footer-sml-layout":"","ast-disable-related-posts":"","theme-transparent-header-meta":"","adv-header-id-meta":"","stick-header-meta":"","header-above-stick-meta":"","header-main-stick-meta":"","header-below-stick-meta":"","astra-migrate-meta-layouts":"default","ast-page-background-enabled":"default","ast-page-background-meta":{"desktop":{"background-color":"","background-image":"","background-repeat":"repeat","background-position":"center center","background-size":"auto","background-attachment":"scroll","background-type":"","background-media":"","overlay-type":"","overlay-color":"","overlay-opacity":"","overlay-gradient":""},"tablet":{"background-color":"","background-image":"","background-repeat":"repeat","background-position":"center center","background-size":"auto","background-attachment":"scroll","background-type":"","background-media":"","overlay-type":"","overlay-color":"","overlay-opacity":"","overlay-gradient":""},"mobile":{"background-color":"","background-image":"","background-repeat":"repeat","background-position":"center center","background-size":"auto","background-attachment":"scroll","background-type":"","background-media":"","overlay-type":"","overlay-color":"","overlay-opacity":"","overlay-gradient":""}},"ast-content-background-meta":{"desktop":{"background-color":"var(--ast-global-color-5)","background-image":"","background-repeat":"repeat","background-position":"center center","background-size":"auto","background-attachment":"scroll","background-type":"","background-media":"","overlay-type":"","overlay-color":"","overlay-opacity":"","overlay-gradient":""},"tablet":{"background-color":"var(--ast-global-color-5)","background-image":"","background-repeat":"repeat","background-position":"center center","background-size":"auto","background-attachment":"scroll","background-type":"","background-media":"","overlay-type":"","overlay-color":"","overlay-opacity":"","overlay-gradient":""},"mobile":{"background-color":"var(--ast-global-color-5)","background-image":"","background-repeat":"repeat","background-position":"center center","background-size":"auto","background-attachment":"scroll","background-type":"","background-media":"","overlay-type":"","overlay-color":"","overlay-opacity":"","overlay-gradient":""}},"footnotes":""},"class_list":["post-2913","page","type-page","status-publish","hentry"],"aioseo_notices":[],"uagb_featured_image_src":{"full":false,"thumbnail":false,"medium":false,"medium_large":false,"large":false,"1536x1536":false,"2048x2048":false},"uagb_author_info":{"display_name":"emre@demturkey.com","author_link":"https:\/\/sportforsdg.com\/sl\/author\/emredemturkey-com\/"},"uagb_comment_info":0,"uagb_excerpt":"Leta 2010 je delovna skupina, ki jo sestavljajo ustrezni \u0161portni strokovnjaki, umetniki in lokalni prostovoljci, dejavni na podro\u010dju mladinskega dela, naro\u010dila raziskavo, da bi dokumentirala potrebe prikraj\u0161anih ljudi v Istanbulu. IKOS je bil ustanovljen za prispevanje na naslednjih podro\u010djih: Podpora razvoju skupnosti vklju\u010duje prikraj\u0161ane skupine znotraj starostno me\u0161anih skupin Ozave\u0161\u010danje o \u0161portu in umetnosti kot&hellip;","_links":{"self":[{"href":"https:\/\/sportforsdg.com\/sl\/wp-json\/wp\/v2\/pages\/2913","targetHints":{"allow":["GET"]}}],"collection":[{"href":"https:\/\/sportforsdg.com\/sl\/wp-json\/wp\/v2\/pages"}],"about":[{"href":"https:\/\/sportforsdg.com\/sl\/wp-json\/wp\/v2\/types\/page"}],"author":[{"embeddable":true,"href":"https:\/\/sportforsdg.com\/sl\/wp-json\/wp\/v2\/users\/1"}],"replies":[{"embeddable":true,"href":"https:\/\/sportforsdg.com\/sl\/wp-json\/wp\/v2\/comments?post=2913"}],"version-history":[{"count":3,"href":"https:\/\/sportforsdg.com\/sl\/wp-json\/wp\/v2\/pages\/2913\/revisions"}],"predecessor-version":[{"id":2916,"href":"https:\/\/sportforsdg.com\/sl\/wp-json\/wp\/v2\/pages\/2913\/revisions\/2916"}],"wp:attachment":[{"href":"https:\/\/sportforsdg.com\/sl\/wp-json\/wp\/v2\/media?parent=2913"}],"curies":[{"name":"wp","href":"https:\/\/api.w.org\/{rel}","templated":true}]}}