{"id":2923,"date":"2022-11-29T18:01:39","date_gmt":"2022-11-29T15:01:39","guid":{"rendered":"https:\/\/sportforsdg.com\/sport-istanbul\/"},"modified":"2022-11-29T18:01:39","modified_gmt":"2022-11-29T15:01:39","slug":"sport-istanbul","status":"publish","type":"page","link":"https:\/\/sportforsdg.com\/sl\/sport-istanbul\/","title":{"rendered":"\u0160port Istanbul"},"content":{"rendered":"\t\t<div data-elementor-type=\"wp-page\" data-elementor-id=\"2923\" class=\"elementor elementor-2923 elementor-1848\">\n\t\t\t\t\t\t<section class=\"elementor-section elementor-top-section elementor-element elementor-element-8b81cbc elementor-section-boxed elementor-section-height-default elementor-section-height-default\" data-id=\"8b81cbc\" data-element_type=\"section\" data-e-type=\"section\">\n\t\t\t\t\t\t<div class=\"elementor-container elementor-column-gap-default\">\n\t\t\t\t\t<div class=\"elementor-column elementor-col-100 elementor-top-column elementor-element elementor-element-388d73a\" data-id=\"388d73a\" data-element_type=\"column\" data-e-type=\"column\">\n\t\t\t<div class=\"elementor-widget-wrap elementor-element-populated\">\n\t\t\t\t\t\t<div class=\"elementor-element elementor-element-63754fbd elementor-widget elementor-widget-text-editor\" data-id=\"63754fbd\" data-element_type=\"widget\" data-e-type=\"widget\" data-widget_type=\"text-editor.default\">\n\t\t\t\t<div class=\"elementor-widget-container\">\n\t\t\t\t\t\t\t\t\t<p style=\"font-weight: 400;\"><img decoding=\"async\" class=\" wp-image-1900 alignleft\" src=\"https:\/\/sportforsdg.com\/wp-content\/uploads\/2022\/04\/Calisma-Yuzeyi-2-300x300.png\" alt=\"\" width=\"162\" height=\"162\" srcset=\"https:\/\/sportforsdg.com\/wp-content\/uploads\/2022\/04\/Calisma-Yuzeyi-2-300x300.png 300w, https:\/\/sportforsdg.com\/wp-content\/uploads\/2022\/04\/Calisma-Yuzeyi-2-1024x1024.png 1024w, https:\/\/sportforsdg.com\/wp-content\/uploads\/2022\/04\/Calisma-Yuzeyi-2-150x150.png 150w, https:\/\/sportforsdg.com\/wp-content\/uploads\/2022\/04\/Calisma-Yuzeyi-2-768x768.png 768w, https:\/\/sportforsdg.com\/wp-content\/uploads\/2022\/04\/Calisma-Yuzeyi-2.png 1081w\" sizes=\"(max-width: 162px) 100vw, 162px\" \/><\/p>\n<p><span style=\"font-weight: 400;\">Sports Activities and Administration Trade INC. (Sport Istanbul) je bilo ustanovljeno leta 1989 kot podru\u017enica metropolitanske ob\u010dine Istanbul. Da bi izbolj\u0161ali fizi\u010dno in du\u0161evno zdravje ljudi v Istanbulu ter razvili njihove sposobnosti na podro\u010dju \u0161porta in telesne dejavnosti. Sport Istanbul postavlja svoje prednostne naloge tako, da jih spodbuja k izkori\u0161\u010danju \u0161portnih objektov ter dejavnemu udejstvovanju v \u0161portu in telesnih dejavnostih. Med njegovimi dejavnostmi je upravljanje \u0161portnih objektov metropolitanske ob\u010dine Istanbul, organizacija nacionalnih in mednarodnih znanstvenih, tehni\u010dnih, izobra\u017eevalnih, \u0161portnih, turisti\u010dnih in kulturnih tekmovanj, festivalov, razstav, izletov, taborov, konferenc, seminarjev in te\u010dajev na podro\u010dju \u0161porta. ; ter izvajanje raziskovalnih in izobra\u017eevalnih \u0161tudij na sorodnih podro\u010djih. Od ustanovitve si je pridobilo pomembne dose\u017eke in izku\u0161nje na podro\u010dju upravljanja \u0161portnih objektov, nacionalnih in mednarodnih \u0161portnih organizacij.<\/span><\/p>\n<p><span style=\"font-weight: 400;\">Trenutno Sport Istanbul dnevno deluje v 28 okro\u017ejih Istanbula, 51 \u0161portnih objektih prek 25 razli\u010dnih \u0161portnih in telesnih dejavnosti ter nudi \u0161port pribli\u017eno 1 milijonu ljudi v Istanbulu prek 24 bazenov, 39 igri\u0161\u010d s preprogami, 19 \u0161portnih dvoran, 42 teni\u0161kih igri\u0161\u010d. , 38 fitnes dvoran, 23 studijskih te\u010dajev, 20 daljnovzhodnih \u0161portnih dvoran, 6 telovadnic, 6 lokostrelskih dvoran, 2 drsali\u0161\u010di, 7 stadionov ponuja 8 vadbenih sob. Trenutno Sport Istanbul zaposluje 2341 zaposlenih.<\/span><\/p>\n<p style=\"font-weight: 400;\"><br style=\"font-weight: 400;\" \/><\/p>\n\t\t\t\t\t\t\t\t<\/div>\n\t\t\t\t<\/div>\n\t\t\t\t\t<\/div>\n\t\t<\/div>\n\t\t\t\t\t<\/div>\n\t\t<\/section>\n\t\t\t\t<\/div>\n\t\t","protected":false},"excerpt":{"rendered":"<p>Sports Activities and Administration Trade INC. (Sport Istanbul) je bilo ustanovljeno leta 1989 kot podru\u017enica metropolitanske ob\u010dine Istanbul. Da bi izbolj\u0161ali fizi\u010dno in du\u0161evno zdravje ljudi v Istanbulu ter razvili njihove sposobnosti na podro\u010dju \u0161porta in telesne dejavnosti. Sport Istanbul postavlja svoje prednostne naloge tako, da jih spodbuja k izkori\u0161\u010danju \u0161portnih objektov ter dejavnemu udejstvovanju [&hellip;]<\/p>\n","protected":false},"author":1,"featured_media":0,"parent":0,"menu_order":0,"comment_status":"closed","ping_status":"closed","template":"","meta":{"om_disable_all_campaigns":false,"_uag_custom_page_level_css":"","_monsterinsights_skip_tracking":false,"_monsterinsights_sitenote_active":false,"_monsterinsights_sitenote_note":"","_monsterinsights_sitenote_category":0,"site-sidebar-layout":"default","site-content-layout":"","ast-site-content-layout":"default","site-content-style":"default","site-sidebar-style":"default","ast-global-header-display":"","ast-banner-title-visibility":"","ast-main-header-display":"","ast-hfb-above-header-display":"","ast-hfb-below-header-display":"","ast-hfb-mobile-header-display":"","site-post-title":"","ast-breadcrumbs-content":"","ast-featured-img":"","footer-sml-layout":"","ast-disable-related-posts":"","theme-transparent-header-meta":"","adv-header-id-meta":"","stick-header-meta":"","header-above-stick-meta":"","header-main-stick-meta":"","header-below-stick-meta":"","astra-migrate-meta-layouts":"default","ast-page-background-enabled":"default","ast-page-background-meta":{"desktop":{"background-color":"","background-image":"","background-repeat":"repeat","background-position":"center center","background-size":"auto","background-attachment":"scroll","background-type":"","background-media":"","overlay-type":"","overlay-color":"","overlay-opacity":"","overlay-gradient":""},"tablet":{"background-color":"","background-image":"","background-repeat":"repeat","background-position":"center center","background-size":"auto","background-attachment":"scroll","background-type":"","background-media":"","overlay-type":"","overlay-color":"","overlay-opacity":"","overlay-gradient":""},"mobile":{"background-color":"","background-image":"","background-repeat":"repeat","background-position":"center center","background-size":"auto","background-attachment":"scroll","background-type":"","background-media":"","overlay-type":"","overlay-color":"","overlay-opacity":"","overlay-gradient":""}},"ast-content-background-meta":{"desktop":{"background-color":"var(--ast-global-color-5)","background-image":"","background-repeat":"repeat","background-position":"center center","background-size":"auto","background-attachment":"scroll","background-type":"","background-media":"","overlay-type":"","overlay-color":"","overlay-opacity":"","overlay-gradient":""},"tablet":{"background-color":"var(--ast-global-color-5)","background-image":"","background-repeat":"repeat","background-position":"center center","background-size":"auto","background-attachment":"scroll","background-type":"","background-media":"","overlay-type":"","overlay-color":"","overlay-opacity":"","overlay-gradient":""},"mobile":{"background-color":"var(--ast-global-color-5)","background-image":"","background-repeat":"repeat","background-position":"center center","background-size":"auto","background-attachment":"scroll","background-type":"","background-media":"","overlay-type":"","overlay-color":"","overlay-opacity":"","overlay-gradient":""}},"footnotes":""},"class_list":["post-2923","page","type-page","status-publish","hentry"],"aioseo_notices":[],"uagb_featured_image_src":{"full":false,"thumbnail":false,"medium":false,"medium_large":false,"large":false,"1536x1536":false,"2048x2048":false},"uagb_author_info":{"display_name":"emre@demturkey.com","author_link":"https:\/\/sportforsdg.com\/sl\/author\/emredemturkey-com\/"},"uagb_comment_info":0,"uagb_excerpt":"Sports Activities and Administration Trade INC. (Sport Istanbul) je bilo ustanovljeno leta 1989 kot podru\u017enica metropolitanske ob\u010dine Istanbul. Da bi izbolj\u0161ali fizi\u010dno in du\u0161evno zdravje ljudi v Istanbulu ter razvili njihove sposobnosti na podro\u010dju \u0161porta in telesne dejavnosti. Sport Istanbul postavlja svoje prednostne naloge tako, da jih spodbuja k izkori\u0161\u010danju \u0161portnih objektov ter dejavnemu udejstvovanju&hellip;","_links":{"self":[{"href":"https:\/\/sportforsdg.com\/sl\/wp-json\/wp\/v2\/pages\/2923","targetHints":{"allow":["GET"]}}],"collection":[{"href":"https:\/\/sportforsdg.com\/sl\/wp-json\/wp\/v2\/pages"}],"about":[{"href":"https:\/\/sportforsdg.com\/sl\/wp-json\/wp\/v2\/types\/page"}],"author":[{"embeddable":true,"href":"https:\/\/sportforsdg.com\/sl\/wp-json\/wp\/v2\/users\/1"}],"replies":[{"embeddable":true,"href":"https:\/\/sportforsdg.com\/sl\/wp-json\/wp\/v2\/comments?post=2923"}],"version-history":[{"count":1,"href":"https:\/\/sportforsdg.com\/sl\/wp-json\/wp\/v2\/pages\/2923\/revisions"}],"predecessor-version":[{"id":2924,"href":"https:\/\/sportforsdg.com\/sl\/wp-json\/wp\/v2\/pages\/2923\/revisions\/2924"}],"wp:attachment":[{"href":"https:\/\/sportforsdg.com\/sl\/wp-json\/wp\/v2\/media?parent=2923"}],"curies":[{"name":"wp","href":"https:\/\/api.w.org\/{rel}","templated":true}]}}