{"id":4725,"date":"2022-12-13T14:26:24","date_gmt":"2022-12-13T11:26:24","guid":{"rendered":"https:\/\/sportforsdg.com\/io1-prirocnik-o-sportu-za-razvoj-mehkih-vescin-v-izobrazevanju-odraslih\/"},"modified":"2022-12-14T23:12:46","modified_gmt":"2022-12-14T20:12:46","slug":"io1-prirocnik-o-sportu-za-razvoj-mehkih-vescin-v-izobrazevanju-odraslih","status":"publish","type":"page","link":"https:\/\/sportforsdg.com\/sl\/io1-prirocnik-o-sportu-za-razvoj-mehkih-vescin-v-izobrazevanju-odraslih\/","title":{"rendered":"IO1 &#8211; Priro\u010dnik o \u0161portu za razvoj mehkih ve\u0161\u010din v izobra\u017eevanju odraslih"},"content":{"rendered":"\n<p>S projektom Sustainable Development Through Sport smo pripravili inovativno metodologijo, ki prikazuje povezavo med klju\u010dnimi kompetencami Erasmus+ in cilji trajnostnega razvoja ter kako to povezavo implementirati s \u0161portnimi praksami.<\/p>\n\n\n\n<p>S prepoznavanjem \u0161porta kot enega izmed izobra\u017eevalnih orodij verjamemo, da imajo treningi s skrite agende, ki temeljijo na metodologiji Education Through Sport, ve\u010d za podporo u\u010dnega procesa vsakega posameznika.<\/p>\n\n\n\n<p>Zahvaljujo\u010d temu projektu je na\u0161e za\u010detno izhodi\u0161\u010de izpeljano kot pove\u010danje kompetenc ljudi v skupini NEET, starih od 20 do 34 let, z osredoto\u010danjem na ve\u010d \u017eensk, saj se med dr\u017eavami soo\u010damo z resnimi razlikami med spoloma, \u017eeleli smo aktivirati potencial \u017eensk v NEET s pove\u010danjem metodolo\u0161ke zmogljivosti izobra\u017eevalcev odraslih, \u0161portnih trenerjev, \u0161portnih trenerjev, da prispevajo k njihovemu razvoju.<\/p>\n\n\n\n<p>IO1 \u2013 Priro\u010dnik o \u0161portu za razvoj mehkih ve\u0161\u010din v izobra\u017eevanju odraslih vsebuje 4 poglavja o tem, kako lahko uporabimo \u0161port kot orodje za izobra\u017eevanje. Ta priro\u010dnik je ustvarjen v angle\u0161\u010dini in preveden v tur\u0161\u010dino, franco\u0161\u010dino, makedon\u0161\u010dino in sloven\u0161\u010dino za uporabo s strani lokalnih trenerjev ali nadaljnjih upravi\u010dencev. Upamo, da bo koristno za vse!<\/p>\n\n\n\n<div class=\"wp-block-buttons is-layout-flex wp-block-buttons-is-layout-flex\">\n<div class=\"wp-block-button\"><a class=\"wp-block-button__link wp-element-button\" href=\"https:\/\/sportforsdg.com\/wp-content\/uploads\/2022\/12\/SL-IO1-Sport-for-SSD_compressed.pdf\">PRENESI<\/a><\/div>\n<\/div>\n","protected":false},"excerpt":{"rendered":"<p>S projektom Sustainable Development Through Sport smo pripravili inovativno metodologijo, ki prikazuje povezavo med klju\u010dnimi kompetencami Erasmus+ in cilji trajnostnega razvoja ter kako to povezavo implementirati s \u0161portnimi praksami. S prepoznavanjem \u0161porta kot enega izmed izobra\u017eevalnih orodij verjamemo, da imajo treningi s skrite agende, ki temeljijo na metodologiji Education Through Sport, ve\u010d za podporo u\u010dnega [&hellip;]<\/p>\n","protected":false},"author":1,"featured_media":0,"parent":0,"menu_order":0,"comment_status":"closed","ping_status":"closed","template":"","meta":{"om_disable_all_campaigns":false,"_uag_custom_page_level_css":"","_monsterinsights_skip_tracking":false,"_monsterinsights_sitenote_active":false,"_monsterinsights_sitenote_note":"","_monsterinsights_sitenote_category":0,"site-sidebar-layout":"default","site-content-layout":"","ast-site-content-layout":"default","site-content-style":"default","site-sidebar-style":"default","ast-global-header-display":"","ast-banner-title-visibility":"","ast-main-header-display":"","ast-hfb-above-header-display":"","ast-hfb-below-header-display":"","ast-hfb-mobile-header-display":"","site-post-title":"","ast-breadcrumbs-content":"","ast-featured-img":"","footer-sml-layout":"","ast-disable-related-posts":"","theme-transparent-header-meta":"","adv-header-id-meta":"","stick-header-meta":"","header-above-stick-meta":"","header-main-stick-meta":"","header-below-stick-meta":"","astra-migrate-meta-layouts":"default","ast-page-background-enabled":"default","ast-page-background-meta":{"desktop":{"background-color":"","background-image":"","background-repeat":"repeat","background-position":"center center","background-size":"auto","background-attachment":"scroll","background-type":"","background-media":"","overlay-type":"","overlay-color":"","overlay-opacity":"","overlay-gradient":""},"tablet":{"background-color":"","background-image":"","background-repeat":"repeat","background-position":"center center","background-size":"auto","background-attachment":"scroll","background-type":"","background-media":"","overlay-type":"","overlay-color":"","overlay-opacity":"","overlay-gradient":""},"mobile":{"background-color":"","background-image":"","background-repeat":"repeat","background-position":"center center","background-size":"auto","background-attachment":"scroll","background-type":"","background-media":"","overlay-type":"","overlay-color":"","overlay-opacity":"","overlay-gradient":""}},"ast-content-background-meta":{"desktop":{"background-color":"var(--ast-global-color-5)","background-image":"","background-repeat":"repeat","background-position":"center center","background-size":"auto","background-attachment":"scroll","background-type":"","background-media":"","overlay-type":"","overlay-color":"","overlay-opacity":"","overlay-gradient":""},"tablet":{"background-color":"var(--ast-global-color-5)","background-image":"","background-repeat":"repeat","background-position":"center center","background-size":"auto","background-attachment":"scroll","background-type":"","background-media":"","overlay-type":"","overlay-color":"","overlay-opacity":"","overlay-gradient":""},"mobile":{"background-color":"var(--ast-global-color-5)","background-image":"","background-repeat":"repeat","background-position":"center center","background-size":"auto","background-attachment":"scroll","background-type":"","background-media":"","overlay-type":"","overlay-color":"","overlay-opacity":"","overlay-gradient":""}},"footnotes":""},"class_list":["post-4725","page","type-page","status-publish","hentry"],"aioseo_notices":[],"uagb_featured_image_src":{"full":false,"thumbnail":false,"medium":false,"medium_large":false,"large":false,"1536x1536":false,"2048x2048":false},"uagb_author_info":{"display_name":"emre@demturkey.com","author_link":"https:\/\/sportforsdg.com\/sl\/author\/emredemturkey-com\/"},"uagb_comment_info":0,"uagb_excerpt":"S projektom Sustainable Development Through Sport smo pripravili inovativno metodologijo, ki prikazuje povezavo med klju\u010dnimi kompetencami Erasmus+ in cilji trajnostnega razvoja ter kako to povezavo implementirati s \u0161portnimi praksami. S prepoznavanjem \u0161porta kot enega izmed izobra\u017eevalnih orodij verjamemo, da imajo treningi s skrite agende, ki temeljijo na metodologiji Education Through Sport, ve\u010d za podporo u\u010dnega&hellip;","_links":{"self":[{"href":"https:\/\/sportforsdg.com\/sl\/wp-json\/wp\/v2\/pages\/4725","targetHints":{"allow":["GET"]}}],"collection":[{"href":"https:\/\/sportforsdg.com\/sl\/wp-json\/wp\/v2\/pages"}],"about":[{"href":"https:\/\/sportforsdg.com\/sl\/wp-json\/wp\/v2\/types\/page"}],"author":[{"embeddable":true,"href":"https:\/\/sportforsdg.com\/sl\/wp-json\/wp\/v2\/users\/1"}],"replies":[{"embeddable":true,"href":"https:\/\/sportforsdg.com\/sl\/wp-json\/wp\/v2\/comments?post=4725"}],"version-history":[{"count":2,"href":"https:\/\/sportforsdg.com\/sl\/wp-json\/wp\/v2\/pages\/4725\/revisions"}],"predecessor-version":[{"id":4732,"href":"https:\/\/sportforsdg.com\/sl\/wp-json\/wp\/v2\/pages\/4725\/revisions\/4732"}],"wp:attachment":[{"href":"https:\/\/sportforsdg.com\/sl\/wp-json\/wp\/v2\/media?parent=4725"}],"curies":[{"name":"wp","href":"https:\/\/api.w.org\/{rel}","templated":true}]}}