{"id":2835,"date":"2022-11-29T16:43:45","date_gmt":"2022-11-29T13:43:45","guid":{"rendered":"https:\/\/sportforsdg.com\/intercultura-fransa\/"},"modified":"2022-11-29T16:43:47","modified_gmt":"2022-11-29T13:43:47","slug":"intercultura-fransa","status":"publish","type":"page","link":"https:\/\/sportforsdg.com\/tr\/intercultura-fransa\/","title":{"rendered":"INTERCULTURA (Fransa)"},"content":{"rendered":"\t\t<div data-elementor-type=\"wp-page\" data-elementor-id=\"2835\" class=\"elementor elementor-2835 elementor-1850\">\n\t\t\t\t\t\t<section class=\"elementor-section elementor-top-section elementor-element elementor-element-76244837 elementor-section-boxed elementor-section-height-default elementor-section-height-default\" data-id=\"76244837\" data-element_type=\"section\" data-e-type=\"section\">\n\t\t\t\t\t\t<div class=\"elementor-container elementor-column-gap-default\">\n\t\t\t\t\t<div class=\"elementor-column elementor-col-100 elementor-top-column elementor-element elementor-element-682e6bc5\" data-id=\"682e6bc5\" data-element_type=\"column\" data-e-type=\"column\">\n\t\t\t<div class=\"elementor-widget-wrap elementor-element-populated\">\n\t\t\t\t\t\t<div class=\"elementor-element elementor-element-6f78901d elementor-widget elementor-widget-text-editor\" data-id=\"6f78901d\" data-element_type=\"widget\" data-e-type=\"widget\" data-widget_type=\"text-editor.default\">\n\t\t\t\t<div class=\"elementor-widget-container\">\n\t\t\t\t\t\t\t\t\t<p style=\"font-weight: 400;\"><img decoding=\"async\" class=\" wp-image-1901 alignleft\" src=\"https:\/\/sportforsdg.com\/wp-content\/uploads\/2022\/04\/Calisma-Yuzeyi-3-300x300.png\" alt=\"\" width=\"133\" height=\"133\" srcset=\"https:\/\/sportforsdg.com\/wp-content\/uploads\/2022\/04\/Calisma-Yuzeyi-3-300x300.png 300w, https:\/\/sportforsdg.com\/wp-content\/uploads\/2022\/04\/Calisma-Yuzeyi-3-1024x1024.png 1024w, https:\/\/sportforsdg.com\/wp-content\/uploads\/2022\/04\/Calisma-Yuzeyi-3-150x150.png 150w, https:\/\/sportforsdg.com\/wp-content\/uploads\/2022\/04\/Calisma-Yuzeyi-3-768x768.png 768w, https:\/\/sportforsdg.com\/wp-content\/uploads\/2022\/04\/Calisma-Yuzeyi-3.png 1081w\" sizes=\"(max-width: 133px) 100vw, 133px\" \/><\/p>\r\n<span style=\"font-weight: 400;\">Intercultura Derne\u011fi, pop\u00fcler bir e\u011fitim yakla\u015f\u0131m\u0131 ve uluslararas\u0131 dayan\u0131\u015fma i\u00e7inde k\u00fclt\u00fcrleraras\u0131 diyalog ve insan haklar\u0131 e\u011fitimini te\u015fvik etmeyi ama\u00e7lamaktad\u0131r. Bu nedenle Intercultura, gen\u00e7lerin aktif kat\u0131l\u0131m\u0131, \u00f6\u011frenme ve k\u00fclt\u00fcrleraras\u0131 e\u011fitim, vatanda\u015fl\u0131k ve insan haklar\u0131 e\u011fitimi gibi \u00e7e\u015fitli alanlarda faaliyet g\u00f6stermektedir.<\/span>\r\n<p style=\"font-weight: 400;\"><\/p>\r\n<span style=\"font-weight: 400;\">Intercultura\u2019n\u0131n \u00e7al\u0131\u015fma alanlar\u0131nda; i\u015fbirli\u011fi, kat\u0131l\u0131m, deneyim payla\u015f\u0131m\u0131 ve fikirlerin ortaya \u00e7\u0131kmas\u0131n\u0131, yans\u0131tmay\u0131, tart\u0131\u015fmay\u0131, yarat\u0131c\u0131l\u0131\u011f\u0131 te\u015fvik etmeye dayal\u0131 m\u00fcdahale y\u00f6ntemlerini kullanarak yerel akt\u00f6rlerin projelerinin (dernekler, gen\u00e7lik, belediyeler vb.) desteklenmesi, e\u011fitimler, toplant\u0131lar, seminerler d\u00fczenlemek yer almaktad\u0131r. 2000 y\u0131l\u0131ndaki kurulu\u015fundan bu yana, k\u00fclt\u00fcrleraras\u0131 \u00f6\u011frenmeyi ve insan haklar\u0131 e\u011fitimini te\u015fvik etmek ve yayg\u0131nla\u015ft\u0131rma hedefleri do\u011frultusunda bir\u00e7ok proje d\u00fczenlenmi\u015ftir.<\/span>\r\n<p style=\"font-weight: 400;\"><br style=\"font-weight: 400;\" \/><br style=\"font-weight: 400;\" \/>\r\n<\/p>\t\t\t\t\t\t\t\t<\/div>\n\t\t\t\t<\/div>\n\t\t\t\t\t<\/div>\n\t\t<\/div>\n\t\t\t\t\t<\/div>\n\t\t<\/section>\n\t\t\t\t<\/div>\n\t\t","protected":false},"excerpt":{"rendered":"<p>Intercultura Derne\u011fi, pop\u00fcler bir e\u011fitim yakla\u015f\u0131m\u0131 ve uluslararas\u0131 dayan\u0131\u015fma i\u00e7inde k\u00fclt\u00fcrleraras\u0131 diyalog ve insan haklar\u0131 e\u011fitimini te\u015fvik etmeyi ama\u00e7lamaktad\u0131r. Bu nedenle Intercultura, gen\u00e7lerin aktif kat\u0131l\u0131m\u0131, \u00f6\u011frenme ve k\u00fclt\u00fcrleraras\u0131 e\u011fitim, vatanda\u015fl\u0131k ve insan haklar\u0131 e\u011fitimi gibi \u00e7e\u015fitli alanlarda faaliyet g\u00f6stermektedir. Intercultura\u2019n\u0131n \u00e7al\u0131\u015fma alanlar\u0131nda; i\u015fbirli\u011fi, kat\u0131l\u0131m, deneyim payla\u015f\u0131m\u0131 ve fikirlerin ortaya \u00e7\u0131kmas\u0131n\u0131, yans\u0131tmay\u0131, tart\u0131\u015fmay\u0131, yarat\u0131c\u0131l\u0131\u011f\u0131 te\u015fvik etmeye [&hellip;]<\/p>\n","protected":false},"author":1,"featured_media":0,"parent":0,"menu_order":0,"comment_status":"closed","ping_status":"closed","template":"","meta":{"om_disable_all_campaigns":false,"_uag_custom_page_level_css":"","_monsterinsights_skip_tracking":false,"_monsterinsights_sitenote_active":false,"_monsterinsights_sitenote_note":"","_monsterinsights_sitenote_category":0,"site-sidebar-layout":"default","site-content-layout":"","ast-site-content-layout":"default","site-content-style":"default","site-sidebar-style":"default","ast-global-header-display":"","ast-banner-title-visibility":"","ast-main-header-display":"","ast-hfb-above-header-display":"","ast-hfb-below-header-display":"","ast-hfb-mobile-header-display":"","site-post-title":"","ast-breadcrumbs-content":"","ast-featured-img":"","footer-sml-layout":"","ast-disable-related-posts":"","theme-transparent-header-meta":"","adv-header-id-meta":"","stick-header-meta":"","header-above-stick-meta":"","header-main-stick-meta":"","header-below-stick-meta":"","astra-migrate-meta-layouts":"default","ast-page-background-enabled":"default","ast-page-background-meta":{"desktop":{"background-color":"","background-image":"","background-repeat":"repeat","background-position":"center center","background-size":"auto","background-attachment":"scroll","background-type":"","background-media":"","overlay-type":"","overlay-color":"","overlay-opacity":"","overlay-gradient":""},"tablet":{"background-color":"","background-image":"","background-repeat":"repeat","background-position":"center center","background-size":"auto","background-attachment":"scroll","background-type":"","background-media":"","overlay-type":"","overlay-color":"","overlay-opacity":"","overlay-gradient":""},"mobile":{"background-color":"","background-image":"","background-repeat":"repeat","background-position":"center center","background-size":"auto","background-attachment":"scroll","background-type":"","background-media":"","overlay-type":"","overlay-color":"","overlay-opacity":"","overlay-gradient":""}},"ast-content-background-meta":{"desktop":{"background-color":"var(--ast-global-color-5)","background-image":"","background-repeat":"repeat","background-position":"center center","background-size":"auto","background-attachment":"scroll","background-type":"","background-media":"","overlay-type":"","overlay-color":"","overlay-opacity":"","overlay-gradient":""},"tablet":{"background-color":"var(--ast-global-color-5)","background-image":"","background-repeat":"repeat","background-position":"center center","background-size":"auto","background-attachment":"scroll","background-type":"","background-media":"","overlay-type":"","overlay-color":"","overlay-opacity":"","overlay-gradient":""},"mobile":{"background-color":"var(--ast-global-color-5)","background-image":"","background-repeat":"repeat","background-position":"center center","background-size":"auto","background-attachment":"scroll","background-type":"","background-media":"","overlay-type":"","overlay-color":"","overlay-opacity":"","overlay-gradient":""}},"footnotes":""},"class_list":["post-2835","page","type-page","status-publish","hentry"],"aioseo_notices":[],"uagb_featured_image_src":{"full":false,"thumbnail":false,"medium":false,"medium_large":false,"large":false,"1536x1536":false,"2048x2048":false},"uagb_author_info":{"display_name":"emre@demturkey.com","author_link":"https:\/\/sportforsdg.com\/tr\/author\/emredemturkey-com\/"},"uagb_comment_info":0,"uagb_excerpt":"Intercultura Derne\u011fi, pop\u00fcler bir e\u011fitim yakla\u015f\u0131m\u0131 ve uluslararas\u0131 dayan\u0131\u015fma i\u00e7inde k\u00fclt\u00fcrleraras\u0131 diyalog ve insan haklar\u0131 e\u011fitimini te\u015fvik etmeyi ama\u00e7lamaktad\u0131r. Bu nedenle Intercultura, gen\u00e7lerin aktif kat\u0131l\u0131m\u0131, \u00f6\u011frenme ve k\u00fclt\u00fcrleraras\u0131 e\u011fitim, vatanda\u015fl\u0131k ve insan haklar\u0131 e\u011fitimi gibi \u00e7e\u015fitli alanlarda faaliyet g\u00f6stermektedir. Intercultura\u2019n\u0131n \u00e7al\u0131\u015fma alanlar\u0131nda; i\u015fbirli\u011fi, kat\u0131l\u0131m, deneyim payla\u015f\u0131m\u0131 ve fikirlerin ortaya \u00e7\u0131kmas\u0131n\u0131, yans\u0131tmay\u0131, tart\u0131\u015fmay\u0131, yarat\u0131c\u0131l\u0131\u011f\u0131 te\u015fvik etmeye&hellip;","_links":{"self":[{"href":"https:\/\/sportforsdg.com\/tr\/wp-json\/wp\/v2\/pages\/2835","targetHints":{"allow":["GET"]}}],"collection":[{"href":"https:\/\/sportforsdg.com\/tr\/wp-json\/wp\/v2\/pages"}],"about":[{"href":"https:\/\/sportforsdg.com\/tr\/wp-json\/wp\/v2\/types\/page"}],"author":[{"embeddable":true,"href":"https:\/\/sportforsdg.com\/tr\/wp-json\/wp\/v2\/users\/1"}],"replies":[{"embeddable":true,"href":"https:\/\/sportforsdg.com\/tr\/wp-json\/wp\/v2\/comments?post=2835"}],"version-history":[{"count":3,"href":"https:\/\/sportforsdg.com\/tr\/wp-json\/wp\/v2\/pages\/2835\/revisions"}],"predecessor-version":[{"id":2838,"href":"https:\/\/sportforsdg.com\/tr\/wp-json\/wp\/v2\/pages\/2835\/revisions\/2838"}],"wp:attachment":[{"href":"https:\/\/sportforsdg.com\/tr\/wp-json\/wp\/v2\/media?parent=2835"}],"curies":[{"name":"wp","href":"https:\/\/api.w.org\/{rel}","templated":true}]}}