{"id":2843,"date":"2022-11-29T16:47:27","date_gmt":"2022-11-29T13:47:27","guid":{"rendered":"https:\/\/sportforsdg.com\/istanbul-kultur-ve-spor-dernegi-ikos\/"},"modified":"2022-11-29T16:47:27","modified_gmt":"2022-11-29T13:47:27","slug":"istanbul-kultur-ve-spor-dernegi-ikos","status":"publish","type":"page","link":"https:\/\/sportforsdg.com\/tr\/istanbul-kultur-ve-spor-dernegi-ikos\/","title":{"rendered":"\u0130stanbul K\u00fclt\u00fcr ve Spor Derne\u011fi &#8211; \u0130KOS"},"content":{"rendered":"\t\t<div data-elementor-type=\"wp-page\" data-elementor-id=\"2843\" class=\"elementor elementor-2843 elementor-1846\">\n\t\t\t\t\t\t<section class=\"elementor-section elementor-top-section elementor-element elementor-element-63a18625 elementor-section-boxed elementor-section-height-default elementor-section-height-default\" data-id=\"63a18625\" data-element_type=\"section\" data-e-type=\"section\">\n\t\t\t\t\t\t<div class=\"elementor-container elementor-column-gap-default\">\n\t\t\t\t\t<div class=\"elementor-column elementor-col-100 elementor-top-column elementor-element elementor-element-403bdca2\" data-id=\"403bdca2\" data-element_type=\"column\" data-e-type=\"column\">\n\t\t\t<div class=\"elementor-widget-wrap elementor-element-populated\">\n\t\t\t\t\t\t<div class=\"elementor-element elementor-element-6c801204 elementor-widget elementor-widget-text-editor\" data-id=\"6c801204\" data-element_type=\"widget\" data-e-type=\"widget\" data-widget_type=\"text-editor.default\">\n\t\t\t\t<div class=\"elementor-widget-container\">\n\t\t\t\t\t\t\t\t\t\r\n<p style=\"font-weight: 400;\"><img decoding=\"async\" class=\" wp-image-1899 alignleft\" src=\"https:\/\/sportforsdg.com\/wp-content\/uploads\/2022\/04\/surdurulebilri-1-300x300.png\" alt=\"\" width=\"171\" height=\"171\" srcset=\"https:\/\/sportforsdg.com\/wp-content\/uploads\/2022\/04\/surdurulebilri-1-300x300.png 300w, https:\/\/sportforsdg.com\/wp-content\/uploads\/2022\/04\/surdurulebilri-1-1024x1024.png 1024w, https:\/\/sportforsdg.com\/wp-content\/uploads\/2022\/04\/surdurulebilri-1-150x150.png 150w, https:\/\/sportforsdg.com\/wp-content\/uploads\/2022\/04\/surdurulebilri-1-768x768.png 768w, https:\/\/sportforsdg.com\/wp-content\/uploads\/2022\/04\/surdurulebilri-1.png 1081w\" sizes=\"(max-width: 171px) 100vw, 171px\" \/><\/p>\r\n<span style=\"font-weight: 400;\">\u0130stanbul K\u00fclt\u00fcr ve Spor Derne\u011fi, 2010 y\u0131l\u0131nda \u0130stanbul\u2019daki dezavantajl\u0131 gruplar\u0131n ihtiya\u00e7lar\u0131na y\u00f6nelik bir ara\u015ft\u0131rma yapmak isteyen gen\u00e7lik \u00e7al\u0131\u015fmalar\u0131nda yer alan ve e\u011fitim, sanat, spor k\u00fclt\u00fcr alanlar\u0131nda kendini ve i\u00e7inde bulundu\u011fu toplumu geli\u015ftirmeye \u00e7al\u0131\u015fan gen\u00e7 bireyler taraf\u0131ndan kurulmu\u015ftur. \u0130KOS a\u015fa\u011f\u0131daki geli\u015fim alanlar\u0131na katk\u0131da bulunmak i\u00e7in kurulmu\u015ftur:<\/span>\r\n<p style=\"font-weight: 400;\"><\/p>\r\n\r\n<ul>\r\n \t<li><span style=\"font-weight: 400;\"> Toplumun geli\u015fimini desteklemek, farkl\u0131 ya\u015flardaki dezavantajl\u0131 gruplar\u0131 dahil etmek<\/span><\/li>\r\n \t<li><span style=\"font-weight: 400;\"> Toplumu g\u00fc\u00e7lendirmenin ara\u00e7lar\u0131 olarak Spor ve Sanat metodolojileri hakk\u0131nda fark\u0131ndal\u0131k yaratmak<\/span><\/li>\r\n \t<li><span style=\"font-weight: 400;\"> Sportif faaliyetlerinin toplumumuzdaki k\u0131r\u0131lgan gruplara ula\u015ft\u0131r\u0131lmas\u0131n\u0131 sa\u011flayarak onlar\u0131n g\u00fc\u00e7lenmesini sa\u011flamak<\/span><\/li>\r\n \t<li><span style=\"font-weight: 400;\"> Sosyal dahil etme \u00fczerine \u00e7al\u0131\u015fmalar yapan kurumlarla a\u011f kurma faaliyetlerini ger\u00e7ekle\u015ftirmek<\/span><\/li>\r\n<\/ul>\r\n<p style=\"font-weight: 400;\">\r\n<span style=\"font-weight: 400;\">\u0130KOS, dezavantajl\u0131 gruplar\u0131n sosyal beceriler edinen ve kendine g\u00fcvenen bireyler olmas\u0131na katk\u0131 sa\u011flamak amac\u0131yla yerel ve uluslararas\u0131 bir\u00e7ok faaliyet y\u00fcr\u00fctmektedir. Bireylerin ve gruplar\u0131n spor ve sanat faaliyetlerine kat\u0131l\u0131mlar\u0131n\u0131 artt\u0131rarak geleceklerini sanat ve spor arac\u0131l\u0131\u011f\u0131yla in\u015fa etmeleri ve \u015fekillendirmeleri i\u00e7in e\u011fitim deste\u011fi sunmaktad\u0131r. \u0130KOS bu hedefler \u0131\u015f\u0131\u011f\u0131nda 4 temel alanda faaliyetler y\u00fcr\u00fctmektedir: <\/span><b>Spor \u00c7al\u0131\u015fmalar\u0131, Sanat ve K\u00fclt\u00fcr \u00c7al\u0131\u015fmalar\u0131, Gen\u00e7lik \u00c7al\u0131\u015fmalar\u0131 ve A\u011f Kurma Faaliyetleri.<\/b><\/p>\r\n\t\t\t\t\t\t\t\t<\/div>\n\t\t\t\t<\/div>\n\t\t\t\t<div class=\"elementor-element elementor-element-5cfcae9 elementor-widget elementor-widget-text-editor\" data-id=\"5cfcae9\" data-element_type=\"widget\" data-e-type=\"widget\" data-widget_type=\"text-editor.default\">\n\t\t\t\t<div class=\"elementor-widget-container\">\n\t\t\t\t\t\t\t\t\t<strong>Spor \u00c7al\u0131\u015fmalar\u0131 Hakk\u0131nda<\/strong>\r\n\r\n<span style=\"font-weight: 400;\">Avrupa Konseyi ve BM taraf\u0131ndan sporun bir insan hakk\u0131 ve e\u011fitim arac\u0131 olarak kabul edilmesi \u0131\u015f\u0131\u011f\u0131nda, bir\u00e7ok dezavantajl\u0131 grubun g\u00fc\u00e7lenmesi ve toplumlar\u0131m\u0131zdaki ayr\u0131mc\u0131l\u0131k problemleri ile m\u00fccadele i\u00e7in sporun \u00f6nemine inan\u0131yoruz. \u0130KOS, STK&#8217;lar\u0131n ve spor organizasyonlar\u0131n\u0131n \u00e7al\u0131\u015fmalar\u0131nda Spor Yoluyla E\u011fitim metodolojilerini kullanmalar\u0131 i\u00e7in i\u015fbirli\u011fine odaklan\u0131r. M\u00fclteciler ve g\u00f6\u00e7menler, engeli olan bireyler, ne e\u011fitimde ne istihdamda olan kad\u0131nlar, sosyo-ekonomik a\u00e7\u0131dan dezavantajl\u0131 bireyler ve yeti\u015fkinler ile yapt\u0131\u011f\u0131m\u0131z \u00e7al\u0131\u015fmalarda e\u011fitime dayal\u0131 sportif faaliyetler spor \u00e7al\u0131\u015fmalar\u0131m\u0131z\u0131n \u00f6nemli bir b\u00f6l\u00fcm\u00fcn\u00fc olu\u015fturmaktad\u0131r.<\/span>\r\n<p style=\"font-weight: 400;\"><\/p>\r\n<span style=\"font-weight: 400;\">Son 5 y\u0131ld\u0131r T\u00fcrkiye Basketbol Federasyonu, T\u00fcrkiye Tenis Federasyonu, Bayrampa\u015fa Belediyesi, Bilgi \u00dcniversitesi Spor Y\u00f6neticili\u011fi B\u00f6l\u00fcm\u00fc, T\u00fcrk Spor Vakf\u0131, Suriye Forumu, T\u00fcrkiye Milli Olimpiyat Komitesi, PPI, \u0130stanbul B\u00fcy\u00fck\u015fehir Belediyesi ve Spor \u0130stanbul ile i\u015fbirli\u011fi yapmaktay\u0131z. Kurulu\u015fumuz, 2019 y\u0131l\u0131ndan bu yana sporun BM S\u00fcrd\u00fcr\u00fclebilir Kalk\u0131nma Hedefleri&#8217;nin tan\u0131t\u0131lmas\u0131 ve yayg\u0131nla\u015ft\u0131r\u0131lmas\u0131ndaki rol\u00fcn\u00fc, 2030 G\u00fcndemine katk\u0131s\u0131n\u0131n \u00f6nemini daha geni\u015f kitlelere duyurmak i\u00e7in e\u011fitim faaliyetleri ve bilin\u00e7lendirme seminerleri d\u00fczenlemektedir.<\/span>\r\n<p style=\"font-weight: 400;\"><br style=\"font-weight: 400;\" \/><br style=\"font-weight: 400;\" \/>\r\n<\/p>\t\t\t\t\t\t\t\t<\/div>\n\t\t\t\t<\/div>\n\t\t\t\t\t<\/div>\n\t\t<\/div>\n\t\t\t\t\t<\/div>\n\t\t<\/section>\n\t\t\t\t<\/div>\n\t\t","protected":false},"excerpt":{"rendered":"<p>\u0130stanbul K\u00fclt\u00fcr ve Spor Derne\u011fi, 2010 y\u0131l\u0131nda \u0130stanbul\u2019daki dezavantajl\u0131 gruplar\u0131n ihtiya\u00e7lar\u0131na y\u00f6nelik bir ara\u015ft\u0131rma yapmak isteyen gen\u00e7lik \u00e7al\u0131\u015fmalar\u0131nda yer alan ve e\u011fitim, sanat, spor k\u00fclt\u00fcr alanlar\u0131nda kendini ve i\u00e7inde bulundu\u011fu toplumu geli\u015ftirmeye \u00e7al\u0131\u015fan gen\u00e7 bireyler taraf\u0131ndan kurulmu\u015ftur. \u0130KOS a\u015fa\u011f\u0131daki geli\u015fim alanlar\u0131na katk\u0131da bulunmak i\u00e7in kurulmu\u015ftur: Toplumun geli\u015fimini desteklemek, farkl\u0131 ya\u015flardaki dezavantajl\u0131 gruplar\u0131 dahil etmek Toplumu [&hellip;]<\/p>\n","protected":false},"author":1,"featured_media":0,"parent":0,"menu_order":0,"comment_status":"closed","ping_status":"closed","template":"","meta":{"om_disable_all_campaigns":false,"_uag_custom_page_level_css":"","_monsterinsights_skip_tracking":false,"_monsterinsights_sitenote_active":false,"_monsterinsights_sitenote_note":"","_monsterinsights_sitenote_category":0,"site-sidebar-layout":"default","site-content-layout":"","ast-site-content-layout":"default","site-content-style":"default","site-sidebar-style":"default","ast-global-header-display":"","ast-banner-title-visibility":"","ast-main-header-display":"","ast-hfb-above-header-display":"","ast-hfb-below-header-display":"","ast-hfb-mobile-header-display":"","site-post-title":"","ast-breadcrumbs-content":"","ast-featured-img":"","footer-sml-layout":"","ast-disable-related-posts":"","theme-transparent-header-meta":"","adv-header-id-meta":"","stick-header-meta":"","header-above-stick-meta":"","header-main-stick-meta":"","header-below-stick-meta":"","astra-migrate-meta-layouts":"default","ast-page-background-enabled":"default","ast-page-background-meta":{"desktop":{"background-color":"","background-image":"","background-repeat":"repeat","background-position":"center center","background-size":"auto","background-attachment":"scroll","background-type":"","background-media":"","overlay-type":"","overlay-color":"","overlay-opacity":"","overlay-gradient":""},"tablet":{"background-color":"","background-image":"","background-repeat":"repeat","background-position":"center center","background-size":"auto","background-attachment":"scroll","background-type":"","background-media":"","overlay-type":"","overlay-color":"","overlay-opacity":"","overlay-gradient":""},"mobile":{"background-color":"","background-image":"","background-repeat":"repeat","background-position":"center center","background-size":"auto","background-attachment":"scroll","background-type":"","background-media":"","overlay-type":"","overlay-color":"","overlay-opacity":"","overlay-gradient":""}},"ast-content-background-meta":{"desktop":{"background-color":"var(--ast-global-color-5)","background-image":"","background-repeat":"repeat","background-position":"center center","background-size":"auto","background-attachment":"scroll","background-type":"","background-media":"","overlay-type":"","overlay-color":"","overlay-opacity":"","overlay-gradient":""},"tablet":{"background-color":"var(--ast-global-color-5)","background-image":"","background-repeat":"repeat","background-position":"center center","background-size":"auto","background-attachment":"scroll","background-type":"","background-media":"","overlay-type":"","overlay-color":"","overlay-opacity":"","overlay-gradient":""},"mobile":{"background-color":"var(--ast-global-color-5)","background-image":"","background-repeat":"repeat","background-position":"center center","background-size":"auto","background-attachment":"scroll","background-type":"","background-media":"","overlay-type":"","overlay-color":"","overlay-opacity":"","overlay-gradient":""}},"footnotes":""},"class_list":["post-2843","page","type-page","status-publish","hentry"],"aioseo_notices":[],"uagb_featured_image_src":{"full":false,"thumbnail":false,"medium":false,"medium_large":false,"large":false,"1536x1536":false,"2048x2048":false},"uagb_author_info":{"display_name":"emre@demturkey.com","author_link":"https:\/\/sportforsdg.com\/tr\/author\/emredemturkey-com\/"},"uagb_comment_info":0,"uagb_excerpt":"\u0130stanbul K\u00fclt\u00fcr ve Spor Derne\u011fi, 2010 y\u0131l\u0131nda \u0130stanbul\u2019daki dezavantajl\u0131 gruplar\u0131n ihtiya\u00e7lar\u0131na y\u00f6nelik bir ara\u015ft\u0131rma yapmak isteyen gen\u00e7lik \u00e7al\u0131\u015fmalar\u0131nda yer alan ve e\u011fitim, sanat, spor k\u00fclt\u00fcr alanlar\u0131nda kendini ve i\u00e7inde bulundu\u011fu toplumu geli\u015ftirmeye \u00e7al\u0131\u015fan gen\u00e7 bireyler taraf\u0131ndan kurulmu\u015ftur. \u0130KOS a\u015fa\u011f\u0131daki geli\u015fim alanlar\u0131na katk\u0131da bulunmak i\u00e7in kurulmu\u015ftur: Toplumun geli\u015fimini desteklemek, farkl\u0131 ya\u015flardaki dezavantajl\u0131 gruplar\u0131 dahil etmek Toplumu&hellip;","_links":{"self":[{"href":"https:\/\/sportforsdg.com\/tr\/wp-json\/wp\/v2\/pages\/2843","targetHints":{"allow":["GET"]}}],"collection":[{"href":"https:\/\/sportforsdg.com\/tr\/wp-json\/wp\/v2\/pages"}],"about":[{"href":"https:\/\/sportforsdg.com\/tr\/wp-json\/wp\/v2\/types\/page"}],"author":[{"embeddable":true,"href":"https:\/\/sportforsdg.com\/tr\/wp-json\/wp\/v2\/users\/1"}],"replies":[{"embeddable":true,"href":"https:\/\/sportforsdg.com\/tr\/wp-json\/wp\/v2\/comments?post=2843"}],"version-history":[{"count":3,"href":"https:\/\/sportforsdg.com\/tr\/wp-json\/wp\/v2\/pages\/2843\/revisions"}],"predecessor-version":[{"id":2846,"href":"https:\/\/sportforsdg.com\/tr\/wp-json\/wp\/v2\/pages\/2843\/revisions\/2846"}],"wp:attachment":[{"href":"https:\/\/sportforsdg.com\/tr\/wp-json\/wp\/v2\/media?parent=2843"}],"curies":[{"name":"wp","href":"https:\/\/api.w.org\/{rel}","templated":true}]}}