{"id":2847,"date":"2022-11-29T16:48:21","date_gmt":"2022-11-29T13:48:21","guid":{"rendered":"https:\/\/sportforsdg.com\/povod-enstitusu\/"},"modified":"2022-11-29T16:48:22","modified_gmt":"2022-11-29T13:48:22","slug":"povod-enstitusu","status":"publish","type":"page","link":"https:\/\/sportforsdg.com\/tr\/povod-enstitusu\/","title":{"rendered":"POVOD Enstit\u00fcs\u00fc"},"content":{"rendered":"\t\t<div data-elementor-type=\"wp-page\" data-elementor-id=\"2847\" class=\"elementor elementor-2847 elementor-1854\">\n\t\t\t\t\t\t<section class=\"elementor-section elementor-top-section elementor-element elementor-element-57787817 elementor-section-boxed elementor-section-height-default elementor-section-height-default\" data-id=\"57787817\" data-element_type=\"section\" data-e-type=\"section\">\n\t\t\t\t\t\t<div class=\"elementor-container elementor-column-gap-default\">\n\t\t\t\t\t<div class=\"elementor-column elementor-col-100 elementor-top-column elementor-element elementor-element-50115688\" data-id=\"50115688\" data-element_type=\"column\" data-e-type=\"column\">\n\t\t\t<div class=\"elementor-widget-wrap elementor-element-populated\">\n\t\t\t\t\t\t<div class=\"elementor-element elementor-element-49afb720 elementor-widget elementor-widget-text-editor\" data-id=\"49afb720\" data-element_type=\"widget\" data-e-type=\"widget\" data-widget_type=\"text-editor.default\">\n\t\t\t\t<div class=\"elementor-widget-container\">\n\t\t\t\t\t\t\t\t\t\r\n<p style=\"font-weight: 400;\"><img decoding=\"async\" class=\" wp-image-1903 alignleft\" src=\"https:\/\/sportforsdg.com\/wp-content\/uploads\/2022\/04\/Calisma-Yuzeyi-5-300x300.png\" alt=\"\" width=\"133\" height=\"133\" srcset=\"https:\/\/sportforsdg.com\/wp-content\/uploads\/2022\/04\/Calisma-Yuzeyi-5-300x300.png 300w, https:\/\/sportforsdg.com\/wp-content\/uploads\/2022\/04\/Calisma-Yuzeyi-5-1024x1024.png 1024w, https:\/\/sportforsdg.com\/wp-content\/uploads\/2022\/04\/Calisma-Yuzeyi-5-150x150.png 150w, https:\/\/sportforsdg.com\/wp-content\/uploads\/2022\/04\/Calisma-Yuzeyi-5-768x768.png 768w, https:\/\/sportforsdg.com\/wp-content\/uploads\/2022\/04\/Calisma-Yuzeyi-5.png 1081w\" sizes=\"(max-width: 133px) 100vw, 133px\" \/><\/p>\r\n<span style=\"font-weight: 400;\">POVOD, uluslararas\u0131 kalk\u0131nma i\u015fbirli\u011fi alan\u0131nda faaliyet g\u00f6stererek Slovenya ve Sloven STK&#8217;lar\u0131n\u0131 k\u00fcresel d\u00fczeyde temsil etme misyonu ile \u00e7al\u0131\u015fmalar\u0131n\u0131 s\u00fcrd\u00fcrmektedir. Uluslararas\u0131 kalk\u0131nma i\u015fbirli\u011fi STK&#8217;lar\u0131 i\u00e7in ulusal platformun y\u00f6netim kurulunda \u00e7al\u0131\u015fmalar g\u00f6stermektedir ve Slovenya&#8217;daki m\u00fclteci deste\u011fi i\u00e7in ulusal koalisyonda aktif bir rol oynamaktad\u0131r.<\/span>\r\n<p style=\"font-weight: 400;\"><\/p>\r\n<span style=\"font-weight: 400;\">POVOD, k\u00fclt\u00fcrleraras\u0131 ve dinler aras\u0131 programlarla Orta Do\u011fu, Kuzey Afrika, Afganistan ve Asya&#8217;da uluslararas\u0131 kalk\u0131nma alan\u0131nda \u00e7al\u0131\u015fmaktad\u0131r. Programlar\u0131n \u00e7o\u011fu, k\u00fclt\u00fcrleraras\u0131 diyalog ve ho\u015fg\u00f6r\u00fcye, di\u011ferleri ise mesleki e\u011fitimler de dahil olmak \u00fczere inisiyatif alma ve giri\u015fimcilik kapasitelerini artt\u0131rmak i\u00e7in bireysel ve sivil toplum kurulu\u015flar\u0131n\u0131n g\u00fc\u00e7lendirilmesine odaklanmaktad\u0131r.<\/span>\r\n<p style=\"font-weight: 400;\"><br style=\"font-weight: 400;\" \/><br style=\"font-weight: 400;\" \/>\r\n<\/p>\r\n\t\t\t\t\t\t\t\t<\/div>\n\t\t\t\t<\/div>\n\t\t\t\t\t<\/div>\n\t\t<\/div>\n\t\t\t\t\t<\/div>\n\t\t<\/section>\n\t\t\t\t<\/div>\n\t\t","protected":false},"excerpt":{"rendered":"<p>POVOD, uluslararas\u0131 kalk\u0131nma i\u015fbirli\u011fi alan\u0131nda faaliyet g\u00f6stererek Slovenya ve Sloven STK&#8217;lar\u0131n\u0131 k\u00fcresel d\u00fczeyde temsil etme misyonu ile \u00e7al\u0131\u015fmalar\u0131n\u0131 s\u00fcrd\u00fcrmektedir. Uluslararas\u0131 kalk\u0131nma i\u015fbirli\u011fi STK&#8217;lar\u0131 i\u00e7in ulusal platformun y\u00f6netim kurulunda \u00e7al\u0131\u015fmalar g\u00f6stermektedir ve Slovenya&#8217;daki m\u00fclteci deste\u011fi i\u00e7in ulusal koalisyonda aktif bir rol oynamaktad\u0131r. POVOD, k\u00fclt\u00fcrleraras\u0131 ve dinler aras\u0131 programlarla Orta Do\u011fu, Kuzey Afrika, Afganistan ve Asya&#8217;da uluslararas\u0131 [&hellip;]<\/p>\n","protected":false},"author":1,"featured_media":0,"parent":0,"menu_order":0,"comment_status":"closed","ping_status":"closed","template":"","meta":{"om_disable_all_campaigns":false,"_uag_custom_page_level_css":"","_monsterinsights_skip_tracking":false,"_monsterinsights_sitenote_active":false,"_monsterinsights_sitenote_note":"","_monsterinsights_sitenote_category":0,"site-sidebar-layout":"default","site-content-layout":"","ast-site-content-layout":"default","site-content-style":"default","site-sidebar-style":"default","ast-global-header-display":"","ast-banner-title-visibility":"","ast-main-header-display":"","ast-hfb-above-header-display":"","ast-hfb-below-header-display":"","ast-hfb-mobile-header-display":"","site-post-title":"","ast-breadcrumbs-content":"","ast-featured-img":"","footer-sml-layout":"","ast-disable-related-posts":"","theme-transparent-header-meta":"","adv-header-id-meta":"","stick-header-meta":"","header-above-stick-meta":"","header-main-stick-meta":"","header-below-stick-meta":"","astra-migrate-meta-layouts":"default","ast-page-background-enabled":"default","ast-page-background-meta":{"desktop":{"background-color":"","background-image":"","background-repeat":"repeat","background-position":"center center","background-size":"auto","background-attachment":"scroll","background-type":"","background-media":"","overlay-type":"","overlay-color":"","overlay-opacity":"","overlay-gradient":""},"tablet":{"background-color":"","background-image":"","background-repeat":"repeat","background-position":"center center","background-size":"auto","background-attachment":"scroll","background-type":"","background-media":"","overlay-type":"","overlay-color":"","overlay-opacity":"","overlay-gradient":""},"mobile":{"background-color":"","background-image":"","background-repeat":"repeat","background-position":"center center","background-size":"auto","background-attachment":"scroll","background-type":"","background-media":"","overlay-type":"","overlay-color":"","overlay-opacity":"","overlay-gradient":""}},"ast-content-background-meta":{"desktop":{"background-color":"var(--ast-global-color-5)","background-image":"","background-repeat":"repeat","background-position":"center center","background-size":"auto","background-attachment":"scroll","background-type":"","background-media":"","overlay-type":"","overlay-color":"","overlay-opacity":"","overlay-gradient":""},"tablet":{"background-color":"var(--ast-global-color-5)","background-image":"","background-repeat":"repeat","background-position":"center center","background-size":"auto","background-attachment":"scroll","background-type":"","background-media":"","overlay-type":"","overlay-color":"","overlay-opacity":"","overlay-gradient":""},"mobile":{"background-color":"var(--ast-global-color-5)","background-image":"","background-repeat":"repeat","background-position":"center center","background-size":"auto","background-attachment":"scroll","background-type":"","background-media":"","overlay-type":"","overlay-color":"","overlay-opacity":"","overlay-gradient":""}},"footnotes":""},"class_list":["post-2847","page","type-page","status-publish","hentry"],"aioseo_notices":[],"uagb_featured_image_src":{"full":false,"thumbnail":false,"medium":false,"medium_large":false,"large":false,"1536x1536":false,"2048x2048":false},"uagb_author_info":{"display_name":"emre@demturkey.com","author_link":"https:\/\/sportforsdg.com\/tr\/author\/emredemturkey-com\/"},"uagb_comment_info":0,"uagb_excerpt":"POVOD, uluslararas\u0131 kalk\u0131nma i\u015fbirli\u011fi alan\u0131nda faaliyet g\u00f6stererek Slovenya ve Sloven STK&#8217;lar\u0131n\u0131 k\u00fcresel d\u00fczeyde temsil etme misyonu ile \u00e7al\u0131\u015fmalar\u0131n\u0131 s\u00fcrd\u00fcrmektedir. Uluslararas\u0131 kalk\u0131nma i\u015fbirli\u011fi STK&#8217;lar\u0131 i\u00e7in ulusal platformun y\u00f6netim kurulunda \u00e7al\u0131\u015fmalar g\u00f6stermektedir ve Slovenya&#8217;daki m\u00fclteci deste\u011fi i\u00e7in ulusal koalisyonda aktif bir rol oynamaktad\u0131r. POVOD, k\u00fclt\u00fcrleraras\u0131 ve dinler aras\u0131 programlarla Orta Do\u011fu, Kuzey Afrika, Afganistan ve Asya&#8217;da uluslararas\u0131&hellip;","_links":{"self":[{"href":"https:\/\/sportforsdg.com\/tr\/wp-json\/wp\/v2\/pages\/2847","targetHints":{"allow":["GET"]}}],"collection":[{"href":"https:\/\/sportforsdg.com\/tr\/wp-json\/wp\/v2\/pages"}],"about":[{"href":"https:\/\/sportforsdg.com\/tr\/wp-json\/wp\/v2\/types\/page"}],"author":[{"embeddable":true,"href":"https:\/\/sportforsdg.com\/tr\/wp-json\/wp\/v2\/users\/1"}],"replies":[{"embeddable":true,"href":"https:\/\/sportforsdg.com\/tr\/wp-json\/wp\/v2\/comments?post=2847"}],"version-history":[{"count":3,"href":"https:\/\/sportforsdg.com\/tr\/wp-json\/wp\/v2\/pages\/2847\/revisions"}],"predecessor-version":[{"id":2850,"href":"https:\/\/sportforsdg.com\/tr\/wp-json\/wp\/v2\/pages\/2847\/revisions\/2850"}],"wp:attachment":[{"href":"https:\/\/sportforsdg.com\/tr\/wp-json\/wp\/v2\/media?parent=2847"}],"curies":[{"name":"wp","href":"https:\/\/api.w.org\/{rel}","templated":true}]}}