{"id":2851,"date":"2022-11-29T16:49:26","date_gmt":"2022-11-29T13:49:26","guid":{"rendered":"https:\/\/sportforsdg.com\/spor-istanbul\/"},"modified":"2022-11-29T16:49:26","modified_gmt":"2022-11-29T13:49:26","slug":"spor-istanbul","status":"publish","type":"page","link":"https:\/\/sportforsdg.com\/tr\/spor-istanbul\/","title":{"rendered":"Spor \u0130stanbul"},"content":{"rendered":"\t\t<div data-elementor-type=\"wp-page\" data-elementor-id=\"2851\" class=\"elementor elementor-2851 elementor-1848\">\n\t\t\t\t\t\t<section class=\"elementor-section elementor-top-section elementor-element elementor-element-8b81cbc elementor-section-boxed elementor-section-height-default elementor-section-height-default\" data-id=\"8b81cbc\" data-element_type=\"section\" data-e-type=\"section\">\n\t\t\t\t\t\t<div class=\"elementor-container elementor-column-gap-default\">\n\t\t\t\t\t<div class=\"elementor-column elementor-col-100 elementor-top-column elementor-element elementor-element-388d73a\" data-id=\"388d73a\" data-element_type=\"column\" data-e-type=\"column\">\n\t\t\t<div class=\"elementor-widget-wrap elementor-element-populated\">\n\t\t\t\t\t\t<div class=\"elementor-element elementor-element-63754fbd elementor-widget elementor-widget-text-editor\" data-id=\"63754fbd\" data-element_type=\"widget\" data-e-type=\"widget\" data-widget_type=\"text-editor.default\">\n\t\t\t\t<div class=\"elementor-widget-container\">\n\t\t\t\t\t\t\t\t\t<p style=\"font-weight: 400;\"><img decoding=\"async\" class=\" wp-image-1900 alignleft\" src=\"https:\/\/sportforsdg.com\/wp-content\/uploads\/2022\/04\/Calisma-Yuzeyi-2-300x300.png\" alt=\"\" width=\"162\" height=\"162\" srcset=\"https:\/\/sportforsdg.com\/wp-content\/uploads\/2022\/04\/Calisma-Yuzeyi-2-300x300.png 300w, https:\/\/sportforsdg.com\/wp-content\/uploads\/2022\/04\/Calisma-Yuzeyi-2-1024x1024.png 1024w, https:\/\/sportforsdg.com\/wp-content\/uploads\/2022\/04\/Calisma-Yuzeyi-2-150x150.png 150w, https:\/\/sportforsdg.com\/wp-content\/uploads\/2022\/04\/Calisma-Yuzeyi-2-768x768.png 768w, https:\/\/sportforsdg.com\/wp-content\/uploads\/2022\/04\/Calisma-Yuzeyi-2.png 1081w\" sizes=\"(max-width: 162px) 100vw, 162px\" \/><\/p>\n<p><span style=\"font-weight: 400;\">\u0130stanbul Spor Etkinlikleri ve \u0130\u015fletmecili\u011fi Ticaret A\u015e (Spor \u0130stanbul), 1989 y\u0131l\u0131nda \u0130stanbul B\u00fcy\u00fck\u015fehir Belediyesi\u2019nin i\u015ftirak \u015firketi olarak kurulmu\u015ftur. \u0130stanbul halk\u0131n\u0131n fiziksel ve ruhsal sa\u011fl\u0131\u011f\u0131n\u0131 g\u00fc\u00e7lendirmek i\u00e7in spor tesislerinden yararlanmalar\u0131n\u0131, spor etkinliklerine aktif olarak kat\u0131l\u0131mlar\u0131n\u0131 \u00f6ncelemi\u015ftir.<\/span><\/p>\n<p style=\"font-weight: 400;\">\n<p><span style=\"font-weight: 400;\">\u0130stanbul B\u00fcy\u00fck\u015fehir Belediyesi\u2019ne ait spor salonlar\u0131n\u0131 i\u015fletmek; sporun her dal\u0131nda ulusal ve uluslararas\u0131 nitelikte; teknik, e\u011fitsel, sportif, turistik yar\u0131\u015fmalar, festival, sergi, gezi, kamp, konferans, seminer, kurs gibi organizasyonlar d\u00fczenlemek; ara\u015ft\u0131rma ve e\u011fitim \u00e7al\u0131\u015fmalar\u0131 yapmak \u00f6ncelikli faaliyetleri aras\u0131ndad\u0131r. Kuruldu\u011fu y\u0131ldan bu yana spor tesisi i\u015fletmecili\u011fi, ulusal ve uluslararas\u0131 spor organizasyonlar\u0131n\u0131n d\u00fczenlenmesi ve ger\u00e7ekle\u015ftirilmesi konular\u0131nda \u00f6nemli ba\u015far\u0131lar ve tecr\u00fcbeler edinmi\u015ftir.<\/span><\/p>\n<p style=\"font-weight: 400;\">\n<p><span style=\"font-weight: 400;\">Spor \u0130stanbul \u015fu anda \u0130stanbul&#8217;un 28 il\u00e7esinde, 51 spor tesisi ile 25 farkl\u0131 spor ve fiziksel aktivite bran\u015f\u0131nda g\u00fcnl\u00fck olarak faaliyet g\u00f6stermekte, 24 y\u00fczme havuzu, 39 hal\u0131 kortu, 19 spor salonu, 42 tenis kortu, 38 fitness salonu, 23 st\u00fcdyo s\u0131n\u0131f\u0131, 20 uzak do\u011fu spor salonu, 6 jimnastik salonu, 6 ok\u00e7uluk salonu, 2 buz pisti, 7 stadyum, 8 antrenman odas\u0131 kapasitesi ile \u0130stanbul&#8217;un yakla\u015f\u0131k 1 milyon insan\u0131na spor imkan\u0131 sunmaktad\u0131r. Son olarak Spor \u0130stanbul&#8217;da 2341 personel \u00e7al\u0131\u015fmaktad\u0131r. <\/span><\/p>\n<p style=\"font-weight: 400;\"><br style=\"font-weight: 400;\" \/><br style=\"font-weight: 400;\" \/><\/p>\n\t\t\t\t\t\t\t\t<\/div>\n\t\t\t\t<\/div>\n\t\t\t\t\t<\/div>\n\t\t<\/div>\n\t\t\t\t\t<\/div>\n\t\t<\/section>\n\t\t\t\t<\/div>\n\t\t","protected":false},"excerpt":{"rendered":"<p>\u0130stanbul Spor Etkinlikleri ve \u0130\u015fletmecili\u011fi Ticaret A\u015e (Spor \u0130stanbul), 1989 y\u0131l\u0131nda \u0130stanbul B\u00fcy\u00fck\u015fehir Belediyesi\u2019nin i\u015ftirak \u015firketi olarak kurulmu\u015ftur. \u0130stanbul halk\u0131n\u0131n fiziksel ve ruhsal sa\u011fl\u0131\u011f\u0131n\u0131 g\u00fc\u00e7lendirmek i\u00e7in spor tesislerinden yararlanmalar\u0131n\u0131, spor etkinliklerine aktif olarak kat\u0131l\u0131mlar\u0131n\u0131 \u00f6ncelemi\u015ftir. \u0130stanbul B\u00fcy\u00fck\u015fehir Belediyesi\u2019ne ait spor salonlar\u0131n\u0131 i\u015fletmek; sporun her dal\u0131nda ulusal ve uluslararas\u0131 nitelikte; teknik, e\u011fitsel, sportif, turistik yar\u0131\u015fmalar, festival, [&hellip;]<\/p>\n","protected":false},"author":1,"featured_media":0,"parent":0,"menu_order":0,"comment_status":"closed","ping_status":"closed","template":"","meta":{"om_disable_all_campaigns":false,"_uag_custom_page_level_css":"","_monsterinsights_skip_tracking":false,"_monsterinsights_sitenote_active":false,"_monsterinsights_sitenote_note":"","_monsterinsights_sitenote_category":0,"site-sidebar-layout":"default","site-content-layout":"","ast-site-content-layout":"default","site-content-style":"default","site-sidebar-style":"default","ast-global-header-display":"","ast-banner-title-visibility":"","ast-main-header-display":"","ast-hfb-above-header-display":"","ast-hfb-below-header-display":"","ast-hfb-mobile-header-display":"","site-post-title":"","ast-breadcrumbs-content":"","ast-featured-img":"","footer-sml-layout":"","ast-disable-related-posts":"","theme-transparent-header-meta":"","adv-header-id-meta":"","stick-header-meta":"","header-above-stick-meta":"","header-main-stick-meta":"","header-below-stick-meta":"","astra-migrate-meta-layouts":"default","ast-page-background-enabled":"default","ast-page-background-meta":{"desktop":{"background-color":"","background-image":"","background-repeat":"repeat","background-position":"center center","background-size":"auto","background-attachment":"scroll","background-type":"","background-media":"","overlay-type":"","overlay-color":"","overlay-opacity":"","overlay-gradient":""},"tablet":{"background-color":"","background-image":"","background-repeat":"repeat","background-position":"center center","background-size":"auto","background-attachment":"scroll","background-type":"","background-media":"","overlay-type":"","overlay-color":"","overlay-opacity":"","overlay-gradient":""},"mobile":{"background-color":"","background-image":"","background-repeat":"repeat","background-position":"center center","background-size":"auto","background-attachment":"scroll","background-type":"","background-media":"","overlay-type":"","overlay-color":"","overlay-opacity":"","overlay-gradient":""}},"ast-content-background-meta":{"desktop":{"background-color":"var(--ast-global-color-5)","background-image":"","background-repeat":"repeat","background-position":"center center","background-size":"auto","background-attachment":"scroll","background-type":"","background-media":"","overlay-type":"","overlay-color":"","overlay-opacity":"","overlay-gradient":""},"tablet":{"background-color":"var(--ast-global-color-5)","background-image":"","background-repeat":"repeat","background-position":"center center","background-size":"auto","background-attachment":"scroll","background-type":"","background-media":"","overlay-type":"","overlay-color":"","overlay-opacity":"","overlay-gradient":""},"mobile":{"background-color":"var(--ast-global-color-5)","background-image":"","background-repeat":"repeat","background-position":"center center","background-size":"auto","background-attachment":"scroll","background-type":"","background-media":"","overlay-type":"","overlay-color":"","overlay-opacity":"","overlay-gradient":""}},"footnotes":""},"class_list":["post-2851","page","type-page","status-publish","hentry"],"aioseo_notices":[],"uagb_featured_image_src":{"full":false,"thumbnail":false,"medium":false,"medium_large":false,"large":false,"1536x1536":false,"2048x2048":false},"uagb_author_info":{"display_name":"emre@demturkey.com","author_link":"https:\/\/sportforsdg.com\/tr\/author\/emredemturkey-com\/"},"uagb_comment_info":0,"uagb_excerpt":"\u0130stanbul Spor Etkinlikleri ve \u0130\u015fletmecili\u011fi Ticaret A\u015e (Spor \u0130stanbul), 1989 y\u0131l\u0131nda \u0130stanbul B\u00fcy\u00fck\u015fehir Belediyesi\u2019nin i\u015ftirak \u015firketi olarak kurulmu\u015ftur. \u0130stanbul halk\u0131n\u0131n fiziksel ve ruhsal sa\u011fl\u0131\u011f\u0131n\u0131 g\u00fc\u00e7lendirmek i\u00e7in spor tesislerinden yararlanmalar\u0131n\u0131, spor etkinliklerine aktif olarak kat\u0131l\u0131mlar\u0131n\u0131 \u00f6ncelemi\u015ftir. \u0130stanbul B\u00fcy\u00fck\u015fehir Belediyesi\u2019ne ait spor salonlar\u0131n\u0131 i\u015fletmek; sporun her dal\u0131nda ulusal ve uluslararas\u0131 nitelikte; teknik, e\u011fitsel, sportif, turistik yar\u0131\u015fmalar, festival,&hellip;","_links":{"self":[{"href":"https:\/\/sportforsdg.com\/tr\/wp-json\/wp\/v2\/pages\/2851","targetHints":{"allow":["GET"]}}],"collection":[{"href":"https:\/\/sportforsdg.com\/tr\/wp-json\/wp\/v2\/pages"}],"about":[{"href":"https:\/\/sportforsdg.com\/tr\/wp-json\/wp\/v2\/types\/page"}],"author":[{"embeddable":true,"href":"https:\/\/sportforsdg.com\/tr\/wp-json\/wp\/v2\/users\/1"}],"replies":[{"embeddable":true,"href":"https:\/\/sportforsdg.com\/tr\/wp-json\/wp\/v2\/comments?post=2851"}],"version-history":[{"count":1,"href":"https:\/\/sportforsdg.com\/tr\/wp-json\/wp\/v2\/pages\/2851\/revisions"}],"predecessor-version":[{"id":2852,"href":"https:\/\/sportforsdg.com\/tr\/wp-json\/wp\/v2\/pages\/2851\/revisions\/2852"}],"wp:attachment":[{"href":"https:\/\/sportforsdg.com\/tr\/wp-json\/wp\/v2\/media?parent=2851"}],"curies":[{"name":"wp","href":"https:\/\/api.w.org\/{rel}","templated":true}]}}