{"id":4717,"date":"2022-12-13T13:55:20","date_gmt":"2022-12-13T10:55:20","guid":{"rendered":"https:\/\/sportforsdg.com\/1-fikri-cikti-yetiskin-egitiminde-sosyal-beceri-gelisimi-icin-spor\/"},"modified":"2022-12-16T10:33:06","modified_gmt":"2022-12-16T07:33:06","slug":"1-fikri-cikti-yetiskin-egitiminde-sosyal-beceri-gelisimi-icin-spor","status":"publish","type":"page","link":"https:\/\/sportforsdg.com\/tr\/1-fikri-cikti-yetiskin-egitiminde-sosyal-beceri-gelisimi-icin-spor\/","title":{"rendered":"1. Fikri \u00c7\u0131kt\u0131 &#8211; Yeti\u015fkin E\u011fitiminde Sosyal Beceri Geli\u015fimi i\u00e7in Spor"},"content":{"rendered":"\n<p>Spor Arac\u0131l\u0131\u011f\u0131yla S\u00fcrd\u00fcr\u00fclebilir Kalk\u0131nma projesi ile Erasmus+ Anahtar Yetkinlikleri ile S\u00fcrd\u00fcr\u00fclebilir Kalk\u0131nma Hedefleri aras\u0131ndaki ba\u011flant\u0131y\u0131 ve bu ba\u011flant\u0131n\u0131n spor uygulamalar\u0131na nas\u0131l uygulanaca\u011f\u0131n\u0131 g\u00f6steren yenilik\u00e7i bir metodoloji geli\u015ftirdik.<\/p>\n\n\n\n<p>Sporun e\u011fitim ara\u00e7lar\u0131ndan biri olarak kabul edilmesiyle, &#8220;Spor Yoluyla E\u011fitim&#8221; metodolojisini temel alan spor e\u011fitimlerinin, her bireyin \u00f6\u011frenme s\u00fcrecini desteklemek i\u00e7in daha fazlas\u0131n\u0131 sunabilece\u011fine inan\u0131yoruz.<\/p>\n\n\n\n<p>Bu proje ile \u00e7\u0131k\u0131\u015f noktam\u0131z 20-34 ya\u015f aras\u0131nda ne e\u011fitim ne istihdam alanlar\u0131nda yer alan ki\u015filerin yetkinliklerini geli\u015ftirmek; \u00f6zellikle bahsedilen kategoride cinsiyet bazl\u0131 olarak ortaya \u00e7\u0131kan farkl\u0131l\u0131klar \u0131\u015f\u0131\u011f\u0131nda daha fazla kad\u0131n\u0131n potansiyelini ortaya \u00e7\u0131karmalar\u0131na yard\u0131mc\u0131 olacak Yeti\u015fkin E\u011fiticileri, Spor Antren\u00f6rleri, Spor E\u011fitmenlerinin metodolojik kapasitelerini art\u0131rmak olmu\u015ftur.<\/p>\n\n\n\n<p>IO1 &#8211; Yeti\u015fkin E\u011fitiminde Sosyal Beceri Geli\u015fimi i\u00e7in Spor El Kitab\u0131, sporu e\u011fitim alan\u0131nda bir ara\u00e7 olarak nas\u0131l kullanabilece\u011fimize dair 4 b\u00f6l\u00fcm i\u00e7erir. Bu el kitab\u0131 \u0130ngilizce olarak haz\u0131rlanm\u0131\u015f ve yerel e\u011fitmenler veya di\u011fer yararlan\u0131c\u0131lar taraf\u0131ndan kullan\u0131lmak \u00fczere T\u00fcrk\u00e7e, Frans\u0131zca, Makedonca ve Slovence&#8217;ye \u00e7evrilmi\u015ftir. Herkes i\u00e7in faydal\u0131 olaca\u011f\u0131n\u0131 umuyoruz!<\/p>\n\n\n\n<div class=\"wp-block-buttons is-layout-flex wp-block-buttons-is-layout-flex\">\n<div class=\"wp-block-button\"><a class=\"wp-block-button__link wp-element-button\" href=\"https:\/\/sportforsdg.com\/wp-content\/uploads\/2022\/12\/TR-IO1-Sport-for-SSD_compressed.pdf\">\u0130ND\u0130R<\/a><\/div>\n<\/div>\n","protected":false},"excerpt":{"rendered":"<p>Spor Arac\u0131l\u0131\u011f\u0131yla S\u00fcrd\u00fcr\u00fclebilir Kalk\u0131nma projesi ile Erasmus+ Anahtar Yetkinlikleri ile S\u00fcrd\u00fcr\u00fclebilir Kalk\u0131nma Hedefleri aras\u0131ndaki ba\u011flant\u0131y\u0131 ve bu ba\u011flant\u0131n\u0131n spor uygulamalar\u0131na nas\u0131l uygulanaca\u011f\u0131n\u0131 g\u00f6steren yenilik\u00e7i bir metodoloji geli\u015ftirdik. Sporun e\u011fitim ara\u00e7lar\u0131ndan biri olarak kabul edilmesiyle, &#8220;Spor Yoluyla E\u011fitim&#8221; metodolojisini temel alan spor e\u011fitimlerinin, her bireyin \u00f6\u011frenme s\u00fcrecini desteklemek i\u00e7in daha fazlas\u0131n\u0131 sunabilece\u011fine inan\u0131yoruz. Bu proje ile [&hellip;]<\/p>\n","protected":false},"author":1,"featured_media":0,"parent":0,"menu_order":0,"comment_status":"closed","ping_status":"closed","template":"","meta":{"om_disable_all_campaigns":false,"_uag_custom_page_level_css":"","_monsterinsights_skip_tracking":false,"_monsterinsights_sitenote_active":false,"_monsterinsights_sitenote_note":"","_monsterinsights_sitenote_category":0,"site-sidebar-layout":"default","site-content-layout":"","ast-site-content-layout":"default","site-content-style":"default","site-sidebar-style":"default","ast-global-header-display":"","ast-banner-title-visibility":"","ast-main-header-display":"","ast-hfb-above-header-display":"","ast-hfb-below-header-display":"","ast-hfb-mobile-header-display":"","site-post-title":"","ast-breadcrumbs-content":"","ast-featured-img":"","footer-sml-layout":"","ast-disable-related-posts":"","theme-transparent-header-meta":"","adv-header-id-meta":"","stick-header-meta":"","header-above-stick-meta":"","header-main-stick-meta":"","header-below-stick-meta":"","astra-migrate-meta-layouts":"default","ast-page-background-enabled":"default","ast-page-background-meta":{"desktop":{"background-color":"","background-image":"","background-repeat":"repeat","background-position":"center center","background-size":"auto","background-attachment":"scroll","background-type":"","background-media":"","overlay-type":"","overlay-color":"","overlay-opacity":"","overlay-gradient":""},"tablet":{"background-color":"","background-image":"","background-repeat":"repeat","background-position":"center center","background-size":"auto","background-attachment":"scroll","background-type":"","background-media":"","overlay-type":"","overlay-color":"","overlay-opacity":"","overlay-gradient":""},"mobile":{"background-color":"","background-image":"","background-repeat":"repeat","background-position":"center center","background-size":"auto","background-attachment":"scroll","background-type":"","background-media":"","overlay-type":"","overlay-color":"","overlay-opacity":"","overlay-gradient":""}},"ast-content-background-meta":{"desktop":{"background-color":"var(--ast-global-color-5)","background-image":"","background-repeat":"repeat","background-position":"center center","background-size":"auto","background-attachment":"scroll","background-type":"","background-media":"","overlay-type":"","overlay-color":"","overlay-opacity":"","overlay-gradient":""},"tablet":{"background-color":"var(--ast-global-color-5)","background-image":"","background-repeat":"repeat","background-position":"center center","background-size":"auto","background-attachment":"scroll","background-type":"","background-media":"","overlay-type":"","overlay-color":"","overlay-opacity":"","overlay-gradient":""},"mobile":{"background-color":"var(--ast-global-color-5)","background-image":"","background-repeat":"repeat","background-position":"center center","background-size":"auto","background-attachment":"scroll","background-type":"","background-media":"","overlay-type":"","overlay-color":"","overlay-opacity":"","overlay-gradient":""}},"footnotes":""},"class_list":["post-4717","page","type-page","status-publish","hentry"],"aioseo_notices":[],"uagb_featured_image_src":{"full":false,"thumbnail":false,"medium":false,"medium_large":false,"large":false,"1536x1536":false,"2048x2048":false},"uagb_author_info":{"display_name":"emre@demturkey.com","author_link":"https:\/\/sportforsdg.com\/tr\/author\/emredemturkey-com\/"},"uagb_comment_info":0,"uagb_excerpt":"Spor Arac\u0131l\u0131\u011f\u0131yla S\u00fcrd\u00fcr\u00fclebilir Kalk\u0131nma projesi ile Erasmus+ Anahtar Yetkinlikleri ile S\u00fcrd\u00fcr\u00fclebilir Kalk\u0131nma Hedefleri aras\u0131ndaki ba\u011flant\u0131y\u0131 ve bu ba\u011flant\u0131n\u0131n spor uygulamalar\u0131na nas\u0131l uygulanaca\u011f\u0131n\u0131 g\u00f6steren yenilik\u00e7i bir metodoloji geli\u015ftirdik. Sporun e\u011fitim ara\u00e7lar\u0131ndan biri olarak kabul edilmesiyle, &#8220;Spor Yoluyla E\u011fitim&#8221; metodolojisini temel alan spor e\u011fitimlerinin, her bireyin \u00f6\u011frenme s\u00fcrecini desteklemek i\u00e7in daha fazlas\u0131n\u0131 sunabilece\u011fine inan\u0131yoruz. Bu proje ile&hellip;","_links":{"self":[{"href":"https:\/\/sportforsdg.com\/tr\/wp-json\/wp\/v2\/pages\/4717","targetHints":{"allow":["GET"]}}],"collection":[{"href":"https:\/\/sportforsdg.com\/tr\/wp-json\/wp\/v2\/pages"}],"about":[{"href":"https:\/\/sportforsdg.com\/tr\/wp-json\/wp\/v2\/types\/page"}],"author":[{"embeddable":true,"href":"https:\/\/sportforsdg.com\/tr\/wp-json\/wp\/v2\/users\/1"}],"replies":[{"embeddable":true,"href":"https:\/\/sportforsdg.com\/tr\/wp-json\/wp\/v2\/comments?post=4717"}],"version-history":[{"count":2,"href":"https:\/\/sportforsdg.com\/tr\/wp-json\/wp\/v2\/pages\/4717\/revisions"}],"predecessor-version":[{"id":4845,"href":"https:\/\/sportforsdg.com\/tr\/wp-json\/wp\/v2\/pages\/4717\/revisions\/4845"}],"wp:attachment":[{"href":"https:\/\/sportforsdg.com\/tr\/wp-json\/wp\/v2\/media?parent=4717"}],"curies":[{"name":"wp","href":"https:\/\/api.w.org\/{rel}","templated":true}]}}